{"id":19493,"date":"2024-08-05T13:06:45","date_gmt":"2024-08-05T13:06:45","guid":{"rendered":"https:\/\/childliberation.org\/?page_id=19493"},"modified":"2025-03-22T05:12:27","modified_gmt":"2025-03-22T10:12:27","slug":"volunteers-2","status":"publish","type":"page","link":"https:\/\/childliberation.org\/es\/volunteers-2\/","title":{"rendered":"Voluntarios"},"content":{"rendered":"\t\t<div data-elementor-type=\"wp-page\" data-elementor-id=\"19493\" class=\"elementor elementor-19493\" data-elementor-post-type=\"page\">\n\t\t\t\t<div class=\"elementor-element elementor-element-7867565d e-con-full e-flex e-con e-parent\" data-id=\"7867565d\" data-element_type=\"container\" data-e-type=\"container\" data-settings=\"{&quot;background_background&quot;:&quot;classic&quot;}\">\n\t\t<div class=\"elementor-element elementor-element-384f20fb e-con-full animated-slow e-flex elementor-invisible e-con e-child\" data-id=\"384f20fb\" data-element_type=\"container\" data-e-type=\"container\" data-settings=\"{&quot;animation&quot;:&quot;fadeIn&quot;}\">\n\t\t\t\t<div class=\"elementor-element elementor-element-2f7dcce elementor-widget elementor-widget-image\" data-id=\"2f7dcce\" data-element_type=\"widget\" data-e-type=\"widget\" data-settings=\"{&quot;_animation&quot;:&quot;none&quot;,&quot;_animation_mobile&quot;:&quot;fadeIn&quot;}\" data-widget_type=\"image.default\">\n\t\t\t\t<div class=\"elementor-widget-container\">\n\t\t\t\t\t\t\t\t\t\t\t\t\t\t\t<img fetchpriority=\"high\" decoding=\"async\" width=\"800\" height=\"450\" src=\"https:\/\/childliberation.org\/wp-content\/uploads\/2024\/08\/WHTGlobal-Volunteers-1024x576.png\" class=\"attachment-large size-large wp-image-19796\" alt=\"\" srcset=\"https:\/\/childliberation.org\/wp-content\/uploads\/2024\/08\/WHTGlobal-Volunteers-1024x576.png 1024w, https:\/\/childliberation.org\/wp-content\/uploads\/2024\/08\/WHTGlobal-Volunteers-600x338.png 600w, https:\/\/childliberation.org\/wp-content\/uploads\/2024\/08\/WHTGlobal-Volunteers-300x169.png 300w, https:\/\/childliberation.org\/wp-content\/uploads\/2024\/08\/WHTGlobal-Volunteers-768x432.png 768w, https:\/\/childliberation.org\/wp-content\/uploads\/2024\/08\/WHTGlobal-Volunteers-1536x864.png 1536w, https:\/\/childliberation.org\/wp-content\/uploads\/2024\/08\/WHTGlobal-Volunteers-18x10.png 18w, https:\/\/childliberation.org\/wp-content\/uploads\/2024\/08\/WHTGlobal-Volunteers.png 1920w\" sizes=\"(max-width: 800px) 100vw, 800px\" \/>\t\t\t\t\t\t\t\t\t\t\t\t\t\t\t<\/div>\n\t\t\t\t<\/div>\n\t\t\t\t<\/div>\n\t\t\t\t<\/div>\n\t\t<div class=\"elementor-element elementor-element-248c8e50 e-flex e-con-boxed e-con e-parent\" data-id=\"248c8e50\" data-element_type=\"container\" data-e-type=\"container\">\n\t\t\t\t\t<div class=\"e-con-inner\">\n\t\t<div class=\"elementor-element elementor-element-42a182f4 e-con-full e-flex elementor-invisible e-con e-child\" data-id=\"42a182f4\" data-element_type=\"container\" data-e-type=\"container\" data-settings=\"{&quot;animation&quot;:&quot;fadeIn&quot;}\">\n\t\t\t\t<div class=\"elementor-element elementor-element-6e5745e8 elementor-widget elementor-widget-heading\" data-id=\"6e5745e8\" data-element_type=\"widget\" data-e-type=\"widget\" data-widget_type=\"heading.default\">\n\t\t\t\t<div class=\"elementor-widget-container\">\n\t\t\t\t\t<h2 class=\"elementor-heading-title elementor-size-default\">Be a  <p style=\"color: #FC7D00\">Global Volunteer<span style=\"color: var( --e-global-color-primary );font-size: 50px\"><\/span><\/p><\/h2>\t\t\t\t<\/div>\n\t\t\t\t<\/div>\n\t\t\t\t<div class=\"elementor-element elementor-element-2411b7c3 elementor-widget__width-initial elementor-widget elementor-widget-heading\" data-id=\"2411b7c3\" data-element_type=\"widget\" data-e-type=\"widget\" data-widget_type=\"heading.default\">\n\t\t\t\t<div class=\"elementor-widget-container\">\n\t\t\t\t\t<p class=\"elementor-heading-title elementor-size-default\"><b>Volunteer, (n): <\/b>1. a person who freely offers to take part in an enterprise or undertake a task. Volunteers will be our hands-on helpers in every aspect of our planning and execution. Being a volunteer means you are offering something \u2013 something that is not required nor is an obligation. Volunteering means you are working side by side with others who are also donating their valuable time. Becoming a volunteer will grant you the opportunity to connect with other compassionate human beings like you that are working toward a common goal: stopping child trafficking worldwide. When you participate as a CLF  volunteer, you are making a critical difference in the rights and freedom of enslaved children. You are helping to provide freedom and \u2014 in many cases \u2014 you are helping to save children\u2019s lives.<br><\/p>\t\t\t\t<\/div>\n\t\t\t\t<\/div>\n\t\t\t\t<div class=\"elementor-element elementor-element-564908cc elementor-widget__width-initial elementor-widget elementor-widget-heading\" data-id=\"564908cc\" data-element_type=\"widget\" data-e-type=\"widget\" data-widget_type=\"heading.default\">\n\t\t\t\t<div class=\"elementor-widget-container\">\n\t\t\t\t\t<p class=\"elementor-heading-title elementor-size-default\"><b>Volunteer Leaders<br><\/b><br>A Volunteer Leader is a  person who is responsible to deliver major tasks within a project  and supervise other volunteers to handle minor tasks. They also are responsible for keeping a tally of vital quantitative and qualitative data we use for our reporting.\nVolunteer Leaders are people who embody leadership qualities using organization, project coordination and execution skills. Our Volunteer Leaders are charismatic, reliable and play a role in inspiring the rest of their colleagues to put their best efforts.\n<\/p>\t\t\t\t<\/div>\n\t\t\t\t<\/div>\n\t\t\t\t<div class=\"elementor-element elementor-element-9b5064b elementor-widget__width-initial elementor-widget elementor-widget-heading\" data-id=\"9b5064b\" data-element_type=\"widget\" data-e-type=\"widget\" data-widget_type=\"heading.default\">\n\t\t\t\t<div class=\"elementor-widget-container\">\n\t\t\t\t\t<p class=\"elementor-heading-title elementor-size-default\"><b>Expectations of  Volunteers<br><\/b><br>As a volunteer you have to be willing to serve others, follow instructions, listen, be guided, and be open to training. Any person with these qualities will be an asset to our team. As a volunteer we also expect you to be attentive and considerate of others as well as time oriented, correlating to any event or program deadlines that you are assigned to. <br><br><b>What we will provide all Volunteers:<\/b><br><br>\u00b7 Any materials, resources, and guidance needed to fulfill their role.<br>\u00b7 Volunteer thank you letter<br>\u00b7 Newsletters, updates and event\/program information<br>\u00b7 Educational materials on child trafficking\n<br><br><\/p>\t\t\t\t<\/div>\n\t\t\t\t<\/div>\n\t\t\t\t<\/div>\n\t\t\t\t\t<\/div>\n\t\t\t\t<\/div>\n\t\t<div class=\"elementor-element elementor-element-cf0138a e-flex e-con-boxed e-con e-parent\" data-id=\"cf0138a\" data-element_type=\"container\" data-e-type=\"container\">\n\t\t\t\t\t<div class=\"e-con-inner\">\n\t\t<div class=\"elementor-element elementor-element-ac9f317 e-con-full e-flex elementor-invisible e-con e-child\" data-id=\"ac9f317\" data-element_type=\"container\" data-e-type=\"container\" data-settings=\"{&quot;animation&quot;:&quot;fadeInLeft&quot;}\">\n\t\t\t\t<div class=\"elementor-element elementor-element-90ea51e elementor-widget elementor-widget-heading\" data-id=\"90ea51e\" data-element_type=\"widget\" data-e-type=\"widget\" data-widget_type=\"heading.default\">\n\t\t\t\t<div class=\"elementor-widget-container\">\n\t\t\t\t\t<h2 class=\"elementor-heading-title elementor-size-default\">Join Our<p style=\"color: #FC7D00\">Global  Volunteers<\/h2>\t\t\t\t<\/div>\n\t\t\t\t<\/div>\n\t\t\t\t<div class=\"elementor-element elementor-element-bab1690 elementor-widget__width-initial elementor-widget elementor-widget-heading\" data-id=\"bab1690\" data-element_type=\"widget\" data-e-type=\"widget\" data-widget_type=\"heading.default\">\n\t\t\t\t<div class=\"elementor-widget-container\">\n\t\t\t\t\t<p class=\"elementor-heading-title elementor-size-default\">Are you interested in making a genuine difference in the lives of survivors of child trafficking? \n<\/br>\n\n<\/br>\nPlease feel free to contact us us in belive in our cause and are looking for a way to help.<\/p>\t\t\t\t<\/div>\n\t\t\t\t<\/div>\n\t\t\t\t<\/div>\n\t\t<div class=\"elementor-element elementor-element-6877048 e-con-full e-flex elementor-invisible e-con e-child\" data-id=\"6877048\" data-element_type=\"container\" data-e-type=\"container\" data-settings=\"{&quot;animation&quot;:&quot;fadeInRight&quot;}\">\n\t\t\t\t<div class=\"elementor-element elementor-element-8de1a6b elementor-button-align-stretch elementor-widget elementor-widget-form\" data-id=\"8de1a6b\" data-element_type=\"widget\" data-e-type=\"widget\" data-settings=\"{&quot;step_next_label&quot;:&quot;Next&quot;,&quot;step_previous_label&quot;:&quot;Previous&quot;,&quot;button_width&quot;:&quot;100&quot;,&quot;step_type&quot;:&quot;number_text&quot;,&quot;step_icon_shape&quot;:&quot;circle&quot;}\" data-widget_type=\"form.default\">\n\t\t\t\t<div class=\"elementor-widget-container\">\n\t\t\t\t\t\t\t<form class=\"elementor-form\" method=\"post\" name=\"Global Volunteer Form\">\n\t\t\t<input type=\"hidden\" name=\"post_id\" value=\"19493\"\/>\n\t\t\t<input type=\"hidden\" name=\"form_id\" value=\"8de1a6b\"\/>\n\t\t\t<input type=\"hidden\" name=\"referer_title\" value=\"Volunteers | Child Liberation Foundation\" \/>\n\n\t\t\t\t\t\t\t<input type=\"hidden\" name=\"queried_id\" value=\"19493\"\/>\n\t\t\t\n\t\t\t<div class=\"elementor-form-fields-wrapper elementor-labels-\">\n\t\t\t\t\t\t\t\t<div class=\"elementor-field-type-text elementor-field-group elementor-column elementor-field-group-name elementor-col-100\">\n\t\t\t\t\t\t\t\t\t\t\t\t<label for=\"form-field-name\" class=\"elementor-field-label elementor-screen-only\">\n\t\t\t\t\t\t\t\tName\t\t\t\t\t\t\t<\/label>\n\t\t\t\t\t\t\t\t\t\t\t\t\t\t<input size=\"1\" type=\"text\" name=\"form_fields[name]\" id=\"form-field-name\" class=\"elementor-field elementor-size-sm  elementor-field-textual\" placeholder=\"Name\">\n\t\t\t\t\t\t\t\t\t\t\t<\/div>\n\t\t\t\t\t\t\t\t<div class=\"elementor-field-type-email elementor-field-group elementor-column elementor-field-group-email elementor-col-100 elementor-field-required\">\n\t\t\t\t\t\t\t\t\t\t\t\t<label for=\"form-field-email\" class=\"elementor-field-label elementor-screen-only\">\n\t\t\t\t\t\t\t\tEmail\t\t\t\t\t\t\t<\/label>\n\t\t\t\t\t\t\t\t\t\t\t\t\t\t<input size=\"1\" type=\"email\" name=\"form_fields[email]\" id=\"form-field-email\" class=\"elementor-field elementor-size-sm  elementor-field-textual\" placeholder=\"Email\" required=\"required\">\n\t\t\t\t\t\t\t\t\t\t\t<\/div>\n\t\t\t\t\t\t\t\t<div class=\"elementor-field-type-textarea elementor-field-group elementor-column elementor-field-group-message elementor-col-100\">\n\t\t\t\t\t\t\t\t\t\t\t\t<label for=\"form-field-message\" class=\"elementor-field-label elementor-screen-only\">\n\t\t\t\t\t\t\t\tMessage\t\t\t\t\t\t\t<\/label>\n\t\t\t\t\t\t<textarea class=\"elementor-field-textual elementor-field  elementor-size-sm\" name=\"form_fields[message]\" id=\"form-field-message\" rows=\"4\" placeholder=\"Message\"><\/textarea>\t\t\t\t<\/div>\n\t\t\t\t\t\t\t\t<div class=\"elementor-field-type-acceptance elementor-field-group elementor-column elementor-field-group-field_46f9507 elementor-col-100\">\n\t\t\t\t\t\t\t<div class=\"elementor-field-subgroup\">\n\t\t\t<span class=\"elementor-field-option\">\n\t\t\t\t<input type=\"checkbox\" name=\"form_fields[field_46f9507]\" id=\"form-field-field_46f9507\" class=\"elementor-field elementor-size-sm  elementor-acceptance-field\" checked=\"checked\">\n\t\t\t\t<label for=\"form-field-field_46f9507\">Add me to the 10% Movement Mailing List<\/label>\t\t\t<\/span>\n\t\t<\/div>\n\t\t\t\t\t\t<\/div>\n\t\t\t\t\t\t\t\t<div class=\"elementor-field-type-text\">\n\t\t\t\t\t<input size=\"1\" type=\"text\" name=\"form_fields[field_6e0a66f]\" id=\"form-field-field_6e0a66f\" class=\"elementor-field elementor-size-sm \" style=\"display:none !important;\">\t\t\t\t<\/div>\n\t\t\t\t\t\t\t\t<div class=\"elementor-field-group elementor-column elementor-field-type-submit elementor-col-100 e-form__buttons\">\n\t\t\t\t\t<button class=\"elementor-button elementor-size-sm elementor-animation-float\" type=\"submit\">\n\t\t\t\t\t\t<span class=\"elementor-button-content-wrapper\">\n\t\t\t\t\t\t\t\t\t\t\t\t\t\t\t\t\t\t\t\t\t\t<span class=\"elementor-button-text\">Volunteer Now<\/span>\n\t\t\t\t\t\t\t\t\t\t\t\t\t<\/span>\n\t\t\t\t\t<\/button>\n\t\t\t\t<\/div>\n\t\t\t<\/div>\n\t\t<\/form>\n\t\t\t\t\t\t<\/div>\n\t\t\t\t<\/div>\n\t\t\t\t<\/div>\n\t\t\t\t\t<\/div>\n\t\t\t\t<\/div>\n\t\t\t\t<\/div>\n\t\t","protected":false},"excerpt":{"rendered":"<p>Be a Global Volunteer Volunteer, (n): 1. a person who freely offers to take part in an enterprise or undertake a task. Volunteers will be our hands-on helpers in every aspect of our planning and execution. Being a volunteer means you are offering something \u2013 something that is not required nor is an obligation. Volunteering [&hellip;]<\/p>\n","protected":false},"author":4,"featured_media":0,"parent":0,"menu_order":0,"comment_status":"closed","ping_status":"closed","template":"elementor_header_footer","meta":{"give_campaign_id":0,"footnotes":""},"class_list":["post-19493","page","type-page","status-publish","hentry"],"yoast_head":"<!-- This site is optimized with the Yoast SEO Premium plugin v24.0 (Yoast SEO v24.0) - https:\/\/yoast.com\/wordpress\/plugins\/seo\/ -->\n<title>Volunteers | Child Liberation Foundation<\/title>\n<meta name=\"robots\" content=\"index, follow, max-snippet:-1, max-image-preview:large, max-video-preview:-1\" \/>\n<link rel=\"canonical\" href=\"https:\/\/childliberation.org\/es\/volunteers-2\/\" \/>\n<meta property=\"og:locale\" content=\"es_ES\" \/>\n<meta property=\"og:type\" content=\"article\" \/>\n<meta property=\"og:title\" content=\"Child Liberation Foundation\" \/>\n<meta property=\"og:description\" content=\"The Child Liberation Foundation was founded in February 2017 with a passion and commitment to end child trafficking around the world. In 2023 we have expanded our efforts to not only doing child rescue missions but also in focusing on the rehabilitation and healing of childhood sexual trauma by providing tools, modalities, awareness and education.\" \/>\n<meta property=\"og:url\" content=\"https:\/\/childliberation.org\/es\/volunteers-2\/\" \/>\n<meta property=\"og:site_name\" content=\"Child Liberation Foundation\" \/>\n<meta property=\"article:publisher\" content=\"https:\/\/www.facebook.com\/LiberateAChild?mibextid=LQQJ4d\" \/>\n<meta property=\"article:modified_time\" content=\"2025-03-22T10:12:27+00:00\" \/>\n<meta property=\"og:image\" content=\"https:\/\/childliberation.org\/wp-content\/uploads\/2024\/08\/WHTGlobal-Volunteers.png\" \/>\n\t<meta property=\"og:image:width\" content=\"1920\" \/>\n\t<meta property=\"og:image:height\" content=\"1080\" \/>\n\t<meta property=\"og:image:type\" content=\"image\/png\" \/>\n<meta name=\"twitter:card\" content=\"summary_large_image\" \/>\n<meta name=\"twitter:site\" content=\"@CLF_Org\" \/>\n<meta name=\"twitter:label1\" content=\"Tiempo de lectura\" \/>\n\t<meta name=\"twitter:data1\" content=\"2 minutos\" \/>\n<script type=\"application\/ld+json\" class=\"yoast-schema-graph\">{\"@context\":\"https:\/\/schema.org\",\"@graph\":[{\"@type\":\"WebPage\",\"@id\":\"https:\/\/childliberation.org\/volunteers-2\/\",\"url\":\"https:\/\/childliberation.org\/volunteers-2\/\",\"name\":\"Volunteers | Child Liberation Foundation\",\"isPartOf\":{\"@id\":\"https:\/\/childliberation.org\/#website\"},\"primaryImageOfPage\":{\"@id\":\"https:\/\/childliberation.org\/volunteers-2\/#primaryimage\"},\"image\":{\"@id\":\"https:\/\/childliberation.org\/volunteers-2\/#primaryimage\"},\"thumbnailUrl\":\"https:\/\/childliberation.org\/wp-content\/uploads\/2024\/08\/WHTGlobal-Volunteers-1024x576.png\",\"datePublished\":\"2024-08-05T13:06:45+00:00\",\"dateModified\":\"2025-03-22T10:12:27+00:00\",\"breadcrumb\":{\"@id\":\"https:\/\/childliberation.org\/volunteers-2\/#breadcrumb\"},\"inLanguage\":\"es-CO\",\"potentialAction\":[{\"@type\":\"ReadAction\",\"target\":[\"https:\/\/childliberation.org\/volunteers-2\/\"]}]},{\"@type\":\"ImageObject\",\"inLanguage\":\"es-CO\",\"@id\":\"https:\/\/childliberation.org\/volunteers-2\/#primaryimage\",\"url\":\"https:\/\/childliberation.org\/wp-content\/uploads\/2024\/08\/WHTGlobal-Volunteers-1024x576.png\",\"contentUrl\":\"https:\/\/childliberation.org\/wp-content\/uploads\/2024\/08\/WHTGlobal-Volunteers-1024x576.png\"},{\"@type\":\"BreadcrumbList\",\"@id\":\"https:\/\/childliberation.org\/volunteers-2\/#breadcrumb\",\"itemListElement\":[{\"@type\":\"ListItem\",\"position\":1,\"name\":\"Home\",\"item\":\"https:\/\/childliberation.org\/\"},{\"@type\":\"ListItem\",\"position\":2,\"name\":\"Volunteers\"}]},{\"@type\":\"WebSite\",\"@id\":\"https:\/\/childliberation.org\/#website\",\"url\":\"https:\/\/childliberation.org\/\",\"name\":\"Childliberation.org\",\"description\":\"Liberating the world one child at a time\",\"publisher\":{\"@id\":\"https:\/\/childliberation.org\/#organization\"},\"alternateName\":\"CLF\",\"potentialAction\":[{\"@type\":\"SearchAction\",\"target\":{\"@type\":\"EntryPoint\",\"urlTemplate\":\"https:\/\/childliberation.org\/?s={search_term_string}\"},\"query-input\":{\"@type\":\"PropertyValueSpecification\",\"valueRequired\":true,\"valueName\":\"search_term_string\"}}],\"inLanguage\":\"es-CO\"},{\"@type\":\"Organization\",\"@id\":\"https:\/\/childliberation.org\/#organization\",\"name\":\"Child Liberation Foundation\",\"alternateName\":\"CLF\",\"url\":\"https:\/\/childliberation.org\/\",\"logo\":{\"@type\":\"ImageObject\",\"inLanguage\":\"es-CO\",\"@id\":\"https:\/\/childliberation.org\/#\/schema\/logo\/image\/\",\"url\":\"https:\/\/childliberation.org\/wp-content\/uploads\/2024\/12\/CLF-Logo-square.webp\",\"contentUrl\":\"https:\/\/childliberation.org\/wp-content\/uploads\/2024\/12\/CLF-Logo-square.webp\",\"width\":1081,\"height\":1081,\"caption\":\"Child Liberation Foundation\"},\"image\":{\"@id\":\"https:\/\/childliberation.org\/#\/schema\/logo\/image\/\"},\"sameAs\":[\"https:\/\/www.facebook.com\/LiberateAChild?mibextid=LQQJ4d\",\"https:\/\/x.com\/CLF_Org\",\"https:\/\/www.youtube.com\/@childliberationfoundation\",\"https:\/\/www.instagram.com\/childliberationfoundation\/\",\"https:\/\/www.tiktok.com\/@childliberationorg\"],\"description\":\"The Child Liberation Foundation was founded in February 2017 with a passion and commitment to end child trafficking around the world. In 2023 we have expanded our efforts to not only doing child rescue missions but also in focusing on the rehabilitation and healing of childhood sexual trauma by providing tools, modalities, awareness and education.\",\"email\":\"contact@childliberation.org\",\"legalName\":\"Child Liberation Foundation\",\"foundingDate\":\"2017-02-14\",\"numberOfEmployees\":{\"@type\":\"QuantitativeValue\",\"minValue\":\"11\",\"maxValue\":\"50\"}}]}<\/script>\n<!-- \/ Yoast SEO Premium plugin. -->","yoast_head_json":{"title":"Volunteers | Child Liberation Foundation","robots":{"index":"index","follow":"follow","max-snippet":"max-snippet:-1","max-image-preview":"max-image-preview:large","max-video-preview":"max-video-preview:-1"},"canonical":"https:\/\/childliberation.org\/es\/volunteers-2\/","og_locale":"es_ES","og_type":"article","og_title":"Child Liberation Foundation","og_description":"The Child Liberation Foundation was founded in February 2017 with a passion and commitment to end child trafficking around the world. In 2023 we have expanded our efforts to not only doing child rescue missions but also in focusing on the rehabilitation and healing of childhood sexual trauma by providing tools, modalities, awareness and education.","og_url":"https:\/\/childliberation.org\/es\/volunteers-2\/","og_site_name":"Child Liberation Foundation","article_publisher":"https:\/\/www.facebook.com\/LiberateAChild?mibextid=LQQJ4d","article_modified_time":"2025-03-22T10:12:27+00:00","og_image":[{"width":1920,"height":1080,"url":"https:\/\/childliberation.org\/wp-content\/uploads\/2024\/08\/WHTGlobal-Volunteers.png","type":"image\/png"}],"twitter_card":"summary_large_image","twitter_site":"@CLF_Org","twitter_misc":{"Tiempo de lectura":"2 minutos"},"schema":{"@context":"https:\/\/schema.org","@graph":[{"@type":"WebPage","@id":"https:\/\/childliberation.org\/volunteers-2\/","url":"https:\/\/childliberation.org\/volunteers-2\/","name":"Volunteers | Child Liberation Foundation","isPartOf":{"@id":"https:\/\/childliberation.org\/#website"},"primaryImageOfPage":{"@id":"https:\/\/childliberation.org\/volunteers-2\/#primaryimage"},"image":{"@id":"https:\/\/childliberation.org\/volunteers-2\/#primaryimage"},"thumbnailUrl":"https:\/\/childliberation.org\/wp-content\/uploads\/2024\/08\/WHTGlobal-Volunteers-1024x576.png","datePublished":"2024-08-05T13:06:45+00:00","dateModified":"2025-03-22T10:12:27+00:00","breadcrumb":{"@id":"https:\/\/childliberation.org\/volunteers-2\/#breadcrumb"},"inLanguage":"es-CO","potentialAction":[{"@type":"ReadAction","target":["https:\/\/childliberation.org\/volunteers-2\/"]}]},{"@type":"ImageObject","inLanguage":"es-CO","@id":"https:\/\/childliberation.org\/volunteers-2\/#primaryimage","url":"https:\/\/childliberation.org\/wp-content\/uploads\/2024\/08\/WHTGlobal-Volunteers-1024x576.png","contentUrl":"https:\/\/childliberation.org\/wp-content\/uploads\/2024\/08\/WHTGlobal-Volunteers-1024x576.png"},{"@type":"BreadcrumbList","@id":"https:\/\/childliberation.org\/volunteers-2\/#breadcrumb","itemListElement":[{"@type":"ListItem","position":1,"name":"Home","item":"https:\/\/childliberation.org\/"},{"@type":"ListItem","position":2,"name":"Volunteers"}]},{"@type":"WebSite","@id":"https:\/\/childliberation.org\/#website","url":"https:\/\/childliberation.org\/","name":"Childliberation.org","description":"Liberando al mundo un ni\u00f1o a la vez","publisher":{"@id":"https:\/\/childliberation.org\/#organization"},"alternateName":"CLF","potentialAction":[{"@type":"SearchAction","target":{"@type":"EntryPoint","urlTemplate":"https:\/\/childliberation.org\/?s={search_term_string}"},"query-input":{"@type":"PropertyValueSpecification","valueRequired":true,"valueName":"search_term_string"}}],"inLanguage":"es-CO"},{"@type":"Organization","@id":"https:\/\/childliberation.org\/#organization","name":"Fundaci\u00f3n Child Liberation","alternateName":"CLF","url":"https:\/\/childliberation.org\/","logo":{"@type":"ImageObject","inLanguage":"es-CO","@id":"https:\/\/childliberation.org\/#\/schema\/logo\/image\/","url":"https:\/\/childliberation.org\/wp-content\/uploads\/2024\/12\/CLF-Logo-square.webp","contentUrl":"https:\/\/childliberation.org\/wp-content\/uploads\/2024\/12\/CLF-Logo-square.webp","width":1081,"height":1081,"caption":"Child Liberation Foundation"},"image":{"@id":"https:\/\/childliberation.org\/#\/schema\/logo\/image\/"},"sameAs":["https:\/\/www.facebook.com\/LiberateAChild?mibextid=LQQJ4d","https:\/\/x.com\/CLF_Org","https:\/\/www.youtube.com\/@childliberationfoundation","https:\/\/www.instagram.com\/childliberationfoundation\/","https:\/\/www.tiktok.com\/@childliberationorg"],"description":"La Child Liberation Foundation se fund\u00f3 en febrero de 2017 con la pasi\u00f3n y el compromiso de poner fin a la trata de ni\u00f1os en todo el mundo. En 2023, hemos ampliado nuestros esfuerzos no solo para realizar misiones de rescate infantil, sino tambi\u00e9n para centrarnos en la rehabilitaci\u00f3n y curaci\u00f3n del trauma sexual infantil proporcionando herramientas, modalidades, concientizaci\u00f3n y educaci\u00f3n.","email":"contact@childliberation.org","legalName":"Child Liberation Foundation","foundingDate":"2017-02-14","numberOfEmployees":{"@type":"QuantitativeValue","minValue":"11","maxValue":"50"}}]}},"campaignId":"","jetpack_sharing_enabled":true,"_links":{"self":[{"href":"https:\/\/childliberation.org\/es\/wp-json\/wp\/v2\/pages\/19493","targetHints":{"allow":["GET"]}}],"collection":[{"href":"https:\/\/childliberation.org\/es\/wp-json\/wp\/v2\/pages"}],"about":[{"href":"https:\/\/childliberation.org\/es\/wp-json\/wp\/v2\/types\/page"}],"author":[{"embeddable":true,"href":"https:\/\/childliberation.org\/es\/wp-json\/wp\/v2\/users\/4"}],"replies":[{"embeddable":true,"href":"https:\/\/childliberation.org\/es\/wp-json\/wp\/v2\/comments?post=19493"}],"version-history":[{"count":38,"href":"https:\/\/childliberation.org\/es\/wp-json\/wp\/v2\/pages\/19493\/revisions"}],"predecessor-version":[{"id":21308,"href":"https:\/\/childliberation.org\/es\/wp-json\/wp\/v2\/pages\/19493\/revisions\/21308"}],"wp:attachment":[{"href":"https:\/\/childliberation.org\/es\/wp-json\/wp\/v2\/media?parent=19493"}],"curies":[{"name":"wp","href":"https:\/\/api.w.org\/{rel}","templated":true}]}}