{"id":19525,"date":"2024-08-05T13:36:51","date_gmt":"2024-08-05T13:36:51","guid":{"rendered":"https:\/\/childliberation.org\/?page_id=19525"},"modified":"2025-04-23T00:57:34","modified_gmt":"2025-04-23T05:57:34","slug":"our-projects","status":"publish","type":"page","link":"https:\/\/childliberation.org\/es\/our-projects\/","title":{"rendered":"Nuestros proyectos"},"content":{"rendered":"<div data-elementor-type=\"wp-page\" data-elementor-id=\"19525\" class=\"elementor elementor-19525\" data-elementor-post-type=\"page\">\n\t\t\t\t<div class=\"elementor-element elementor-element-1389bbce e-con-full e-flex e-con e-parent\" data-id=\"1389bbce\" data-element_type=\"container\" data-e-type=\"container\" data-settings=\"{&quot;background_background&quot;:&quot;classic&quot;}\">\n\t\t<div class=\"elementor-element elementor-element-26866647 e-con-full e-flex e-con e-child\" data-id=\"26866647\" data-element_type=\"container\" data-e-type=\"container\">\n\t\t\t\t<div class=\"elementor-element elementor-element-2a38cc3e elementor-widget elementor-widget-heading\" data-id=\"2a38cc3e\" data-element_type=\"widget\" data-e-type=\"widget\" data-widget_type=\"heading.default\">\n\t\t\t\t<div class=\"elementor-widget-container\">\n\t\t\t\t\t<h2 class=\"elementor-heading-title elementor-size-default\">Nuestro<p style=\"color: #FC7D00\">Proyectos<\/h2>\t\t\t\t<\/div>\n\t\t\t\t<\/div>\n\t\t\t\t<\/div>\n\t\t\t\t<\/div>\n\t\t<div class=\"elementor-element elementor-element-840df2e e-flex e-con-boxed e-con e-parent\" data-id=\"840df2e\" data-element_type=\"container\" data-e-type=\"container\">\n\t\t\t\t\t<div class=\"e-con-inner\">\n\t\t<div class=\"elementor-element elementor-element-294e0e50 e-con-full e-flex elementor-invisible e-con e-child\" data-id=\"294e0e50\" data-element_type=\"container\" data-e-type=\"container\" data-settings=\"{&quot;animation&quot;:&quot;fadeIn&quot;}\">\n\t\t<div class=\"elementor-element elementor-element-112e209e e-con-full e-flex e-con e-child\" data-id=\"112e209e\" data-element_type=\"container\" data-e-type=\"container\">\n\t\t\t\t<div class=\"elementor-element elementor-element-42ee36c3 elementor-flip-box--direction-right elementor-flip-box--3d elementor-flip-box--effect-flip elementor-widget elementor-widget-flip-box\" data-id=\"42ee36c3\" data-element_type=\"widget\" data-e-type=\"widget\" data-widget_type=\"flip-box.default\">\n\t\t\t\t<div class=\"elementor-widget-container\">\n\t\t\t\t\t\t\t<div class=\"elementor-flip-box\" tabindex=\"0\">\n\t\t\t<div class=\"elementor-flip-box__layer elementor-flip-box__front\">\n\t\t\t\t<div class=\"elementor-flip-box__layer__overlay\">\n\t\t\t\t\t<div class=\"elementor-flip-box__layer__inner\">\n\t\t\t\t\t\t\n\t\t\t\t\t\t\t\t\t\t\t\t\t<h3 class=\"elementor-flip-box__layer__title\">\n\t\t\t\t\t\t\t\tProyecto ancla\t\t\t\t\t\t\t<\/h3>\n\t\t\t\t\t\t\n\t\t\t\t\t\t\t\t\t\t\t<\/div>\n\t\t\t\t<\/div>\n\t\t\t<\/div>\n\t\t\t<div class=\"elementor-flip-box__layer elementor-flip-box__back\">\n\t\t\t<div class=\"elementor-flip-box__layer__overlay\">\n\t\t\t\t<div class=\"elementor-flip-box__layer__inner\">\n\t\t\t\t\t\n\t\t\t\t\t\t\t\t\t\t\t<div class=\"elementor-flip-box__layer__description\">\n\t\t\t\t\t\t\tEmpowers children and adolescents, promoting their emotional, physical, and social well-being through workshops on emotional education, self-care, and resilience.\t\t\t\t\t\t<\/div>\n\t\t\t\t\t\n\t\t\t\t\t\t\t\t\t\t\t<a class=\"elementor-flip-box__button elementor-button elementor-size-md\" href=\"https:\/\/childliberation.org\/es\/anchor-project\/\">\n\t\t\t\t\t\t\tAprende m\u00e1s\t\t\t\t\t\t<\/a>\n\t\t\t\t\t\t\t\t<\/div>\n\t\t<\/div>\n\t\t<\/div>\n\t\t<\/div>\n\t\t\t\t\t\t<\/div>\n\t\t\t\t<\/div>\n\t\t\t\t<\/div>\n\t\t<div class=\"elementor-element elementor-element-2f405158 e-con-full e-flex e-con e-child\" data-id=\"2f405158\" data-element_type=\"container\" data-e-type=\"container\">\n\t\t\t\t<div class=\"elementor-element elementor-element-2d18458e elementor-flip-box--direction-right elementor-flip-box--3d elementor-flip-box--effect-flip elementor-widget elementor-widget-flip-box\" data-id=\"2d18458e\" data-element_type=\"widget\" data-e-type=\"widget\" data-widget_type=\"flip-box.default\">\n\t\t\t\t<div class=\"elementor-widget-container\">\n\t\t\t\t\t\t\t<div class=\"elementor-flip-box\" tabindex=\"0\">\n\t\t\t<div class=\"elementor-flip-box__layer elementor-flip-box__front\">\n\t\t\t\t<div class=\"elementor-flip-box__layer__overlay\">\n\t\t\t\t\t<div class=\"elementor-flip-box__layer__inner\">\n\t\t\t\t\t\t\n\t\t\t\t\t\t\t\t\t\t\t\t\t<h3 class=\"elementor-flip-box__layer__title\">\n\t\t\t\t\t\t\t\tTrauma Informed Guide & Certification\t\t\t\t\t\t\t<\/h3>\n\t\t\t\t\t\t\n\t\t\t\t\t\t\t\t\t\t\t<\/div>\n\t\t\t\t<\/div>\n\t\t\t<\/div>\n\t\t\t<div class=\"elementor-flip-box__layer elementor-flip-box__back\">\n\t\t\t<div class=\"elementor-flip-box__layer__overlay\">\n\t\t\t\t<div class=\"elementor-flip-box__layer__inner\">\n\t\t\t\t\t\n\t\t\t\t\t\t\t\t\t\t\t<div class=\"elementor-flip-box__layer__description\">\n\t\t\t\t\t\t\tThis certification course in Colombia trains educators, families, and professionals who work with children vulnerable to sexual abuse and trafficking. \t\t\t\t\t\t<\/div>\n\t\t\t\t\t\n\t\t\t\t\t\t\t\t\t\t\t<a class=\"elementor-flip-box__button elementor-button elementor-size-md\" href=\"https:\/\/childliberation.org\/es\/trauma-informed-guide-certification\/\">\n\t\t\t\t\t\t\tAprende m\u00e1s\t\t\t\t\t\t<\/a>\n\t\t\t\t\t\t\t\t<\/div>\n\t\t<\/div>\n\t\t<\/div>\n\t\t<\/div>\n\t\t\t\t\t\t<\/div>\n\t\t\t\t<\/div>\n\t\t\t\t<\/div>\n\t\t<div class=\"elementor-element elementor-element-63a35ce2 e-con-full e-flex e-con e-child\" data-id=\"63a35ce2\" data-element_type=\"container\" data-e-type=\"container\">\n\t\t\t\t<div class=\"elementor-element elementor-element-195b33dc elementor-flip-box--direction-right elementor-flip-box--3d elementor-flip-box--effect-flip elementor-widget elementor-widget-flip-box\" data-id=\"195b33dc\" data-element_type=\"widget\" data-e-type=\"widget\" data-widget_type=\"flip-box.default\">\n\t\t\t\t<div class=\"elementor-widget-container\">\n\t\t\t\t\t\t\t<div class=\"elementor-flip-box\" tabindex=\"0\">\n\t\t\t<div class=\"elementor-flip-box__layer elementor-flip-box__front\">\n\t\t\t\t<div class=\"elementor-flip-box__layer__overlay\">\n\t\t\t\t\t<div class=\"elementor-flip-box__layer__inner\">\n\t\t\t\t\t\t\n\t\t\t\t\t\t\t\t\t\t\t\t\t<h3 class=\"elementor-flip-box__layer__title translation-block\">Clase Magistral<span style=\"color: #ff6600\">\nde Trauma<\/span><\/h3>\n\t\t\t\t\t\t\n\t\t\t\t\t\t\t\t\t\t\t<\/div>\n\t\t\t\t<\/div>\n\t\t\t<\/div>\n\t\t\t<div class=\"elementor-flip-box__layer elementor-flip-box__back\">\n\t\t\t<div class=\"elementor-flip-box__layer__overlay\">\n\t\t\t\t<div class=\"elementor-flip-box__layer__inner\">\n\t\t\t\t\t\n\t\t\t\t\t\t\t\t\t\t\t<div class=\"elementor-flip-box__layer__description\">\n\t\t\t\t\t\t\tTraining educators, families, and professionals in creating safe environments for children and adolescents through YouTube masterclasses.\t\t\t\t\t\t<\/div>\n\t\t\t\t\t\n\t\t\t\t\t\t\t\t\t\t\t<a class=\"elementor-flip-box__button elementor-button elementor-size-md\" href=\"https:\/\/childliberation.org\/es\/trauma-masterclass\/\">\n\t\t\t\t\t\t\tAprende m\u00e1s\t\t\t\t\t\t<\/a>\n\t\t\t\t\t\t\t\t<\/div>\n\t\t<\/div>\n\t\t<\/div>\n\t\t<\/div>\n\t\t\t\t\t\t<\/div>\n\t\t\t\t<\/div>\n\t\t\t\t<\/div>\n\t\t\t\t<\/div>\n\t\t<div class=\"elementor-element elementor-element-bb2996c e-con-full e-flex elementor-invisible e-con e-child\" data-id=\"bb2996c\" data-element_type=\"container\" data-e-type=\"container\" data-settings=\"{&quot;animation&quot;:&quot;fadeIn&quot;}\">\n\t\t<div class=\"elementor-element elementor-element-36b3c67 e-con-full e-flex e-con e-child\" data-id=\"36b3c67\" data-element_type=\"container\" data-e-type=\"container\">\n\t\t\t\t<div class=\"elementor-element elementor-element-dff8c6a elementor-flip-box--direction-right elementor-flip-box--3d elementor-flip-box--effect-flip elementor-widget elementor-widget-flip-box\" data-id=\"dff8c6a\" data-element_type=\"widget\" data-e-type=\"widget\" data-widget_type=\"flip-box.default\">\n\t\t\t\t<div class=\"elementor-widget-container\">\n\t\t\t\t\t\t\t<div class=\"elementor-flip-box\" tabindex=\"0\">\n\t\t\t<div class=\"elementor-flip-box__layer elementor-flip-box__front\">\n\t\t\t\t<div class=\"elementor-flip-box__layer__overlay\">\n\t\t\t\t\t<div class=\"elementor-flip-box__layer__inner\">\n\t\t\t\t\t\t\n\t\t\t\t\t\t\t\t\t\t\t\t\t<h3 class=\"elementor-flip-box__layer__title translation-block\">Clases de <span style=\"color: #ff6600\">Refuerzo<\/span><\/h3>\n\t\t\t\t\t\t\n\t\t\t\t\t\t\t\t\t\t\t<\/div>\n\t\t\t\t<\/div>\n\t\t\t<\/div>\n\t\t\t<div class=\"elementor-flip-box__layer elementor-flip-box__back\">\n\t\t\t<div class=\"elementor-flip-box__layer__overlay\">\n\t\t\t\t<div class=\"elementor-flip-box__layer__inner\">\n\t\t\t\t\t\n\t\t\t\t\t\t\t\t\t\t\t<div class=\"elementor-flip-box__layer__description\">\n\t\t\t\t\t\t\tWe believe that every child deserves access to quality education. That\u2019s why we offer FREE online supplementary classes for 1st to 4th graders, covering essential subjects to support their academic growth.\t\t\t\t\t\t<\/div>\n\t\t\t\t\t\n\t\t\t\t\t\t\t\t\t\t\t<a class=\"elementor-flip-box__button elementor-button elementor-size-md\" href=\"https:\/\/childliberation.org\/es\/reinforcement-classes\/\">\n\t\t\t\t\t\t\tAprende m\u00e1s\t\t\t\t\t\t<\/a>\n\t\t\t\t\t\t\t\t<\/div>\n\t\t<\/div>\n\t\t<\/div>\n\t\t<\/div>\n\t\t\t\t\t\t<\/div>\n\t\t\t\t<\/div>\n\t\t\t\t<\/div>\n\t\t<div class=\"elementor-element elementor-element-f4f3da3 e-con-full e-flex e-con e-child\" data-id=\"f4f3da3\" data-element_type=\"container\" data-e-type=\"container\">\n\t\t\t\t<div class=\"elementor-element elementor-element-ae02850 elementor-flip-box--direction-right elementor-flip-box--3d elementor-flip-box--effect-flip elementor-widget elementor-widget-flip-box\" data-id=\"ae02850\" data-element_type=\"widget\" data-e-type=\"widget\" data-widget_type=\"flip-box.default\">\n\t\t\t\t<div class=\"elementor-widget-container\">\n\t\t\t\t\t\t\t<div class=\"elementor-flip-box\" tabindex=\"0\">\n\t\t\t<div class=\"elementor-flip-box__layer elementor-flip-box__front\">\n\t\t\t\t<div class=\"elementor-flip-box__layer__overlay\">\n\t\t\t\t\t<div class=\"elementor-flip-box__layer__inner\">\n\t\t\t\t\t\t\n\t\t\t\t\t\t\t\t\t\t\t\t\t<h3 class=\"elementor-flip-box__layer__title\">\n\t\t\t\t\t\t\t\tRegalos Que Sanana\t\t\t\t\t\t\t<\/h3>\n\t\t\t\t\t\t\n\t\t\t\t\t\t\t\t\t\t\t<\/div>\n\t\t\t\t<\/div>\n\t\t\t<\/div>\n\t\t\t<div class=\"elementor-flip-box__layer elementor-flip-box__back\">\n\t\t\t<div class=\"elementor-flip-box__layer__overlay\">\n\t\t\t\t<div class=\"elementor-flip-box__layer__inner\">\n\t\t\t\t\t\n\t\t\t\t\t\t\t\t\t\t\t<div class=\"elementor-flip-box__layer__description\">\n\t\t\t\t\t\t\tThe \u201cGifts that Heal\u201d project promotes prevention in Medell\u00edn and other Colombian cities through mass events that include theater, music, and psycho-educational activities. \t\t\t\t\t\t<\/div>\n\t\t\t\t\t\n\t\t\t\t\t\t\t\t\t\t\t<a class=\"elementor-flip-box__button elementor-button elementor-size-md\" href=\"https:\/\/childliberation.org\/es\/gifts-that-heal\/\">\n\t\t\t\t\t\t\tAprende m\u00e1s\t\t\t\t\t\t<\/a>\n\t\t\t\t\t\t\t\t<\/div>\n\t\t<\/div>\n\t\t<\/div>\n\t\t<\/div>\n\t\t\t\t\t\t<\/div>\n\t\t\t\t<\/div>\n\t\t\t\t<\/div>\n\t\t\t\t<\/div>\n\t\t\t\t\t<\/div>\n\t\t\t\t<\/div>\n\t\t\t\t<\/div>","protected":false},"excerpt":{"rendered":"<p>Our Projects Anchor Project Empowers children and adolescents, promoting their emotional, physical, and social well-being through workshops on emotional education, self-care, and resilience. Learn More Trauma Informed Guide &#038; Certification This certification course in Colombia trains educators, families, and professionals who work with children vulnerable to sexual abuse and trafficking. Learn More Trauma Masterclass Training [&hellip;]<\/p>\n","protected":false},"author":4,"featured_media":0,"parent":0,"menu_order":0,"comment_status":"closed","ping_status":"closed","template":"","meta":{"give_campaign_id":0,"footnotes":""},"class_list":["post-19525","page","type-page","status-publish","hentry"],"yoast_head":"<!-- This site is optimized with the Yoast SEO Premium plugin v24.0 (Yoast SEO v24.0) - https:\/\/yoast.com\/wordpress\/plugins\/seo\/ -->\n<title>Our Projects | Child Liberation Foundation<\/title>\n<meta name=\"robots\" content=\"index, follow, max-snippet:-1, max-image-preview:large, max-video-preview:-1\" \/>\n<link rel=\"canonical\" href=\"https:\/\/childliberation.org\/es\/our-projects\/\" \/>\n<meta property=\"og:locale\" content=\"es_ES\" \/>\n<meta property=\"og:type\" content=\"article\" \/>\n<meta property=\"og:title\" content=\"Child Liberation Foundation\" \/>\n<meta property=\"og:description\" content=\"The Child Liberation Foundation was founded in February 2017 with a passion and commitment to end child trafficking around the world. In 2023 we have expanded our efforts to not only doing child rescue missions but also in focusing on the rehabilitation and healing of childhood sexual trauma by providing tools, modalities, awareness and education.\" \/>\n<meta property=\"og:url\" content=\"https:\/\/childliberation.org\/es\/our-projects\/\" \/>\n<meta property=\"og:site_name\" content=\"Child Liberation Foundation\" \/>\n<meta property=\"article:publisher\" content=\"https:\/\/www.facebook.com\/LiberateAChild?mibextid=LQQJ4d\" \/>\n<meta property=\"article:modified_time\" content=\"2025-04-23T05:57:34+00:00\" \/>\n<meta property=\"og:image\" content=\"https:\/\/childliberation.org\/wp-content\/uploads\/2024\/12\/CLF-Logo-square.webp\" \/>\n\t<meta property=\"og:image:width\" content=\"1081\" \/>\n\t<meta property=\"og:image:height\" content=\"1081\" \/>\n\t<meta property=\"og:image:type\" content=\"image\/webp\" \/>\n<meta name=\"twitter:card\" content=\"summary_large_image\" \/>\n<meta name=\"twitter:site\" content=\"@CLF_Org\" \/>\n<meta name=\"twitter:label1\" content=\"Tiempo de lectura\" \/>\n\t<meta name=\"twitter:data1\" content=\"1 minuto\" \/>\n<script type=\"application\/ld+json\" class=\"yoast-schema-graph\">{\"@context\":\"https:\/\/schema.org\",\"@graph\":[{\"@type\":\"WebPage\",\"@id\":\"https:\/\/childliberation.org\/our-projects\/\",\"url\":\"https:\/\/childliberation.org\/our-projects\/\",\"name\":\"Our Projects | Child Liberation Foundation\",\"isPartOf\":{\"@id\":\"https:\/\/childliberation.org\/#website\"},\"datePublished\":\"2024-08-05T13:36:51+00:00\",\"dateModified\":\"2025-04-23T05:57:34+00:00\",\"breadcrumb\":{\"@id\":\"https:\/\/childliberation.org\/our-projects\/#breadcrumb\"},\"inLanguage\":\"es-CO\",\"potentialAction\":[{\"@type\":\"ReadAction\",\"target\":[\"https:\/\/childliberation.org\/our-projects\/\"]}]},{\"@type\":\"BreadcrumbList\",\"@id\":\"https:\/\/childliberation.org\/our-projects\/#breadcrumb\",\"itemListElement\":[{\"@type\":\"ListItem\",\"position\":1,\"name\":\"Home\",\"item\":\"https:\/\/childliberation.org\/\"},{\"@type\":\"ListItem\",\"position\":2,\"name\":\"Our Projects\"}]},{\"@type\":\"WebSite\",\"@id\":\"https:\/\/childliberation.org\/#website\",\"url\":\"https:\/\/childliberation.org\/\",\"name\":\"Childliberation.org\",\"description\":\"Liberating the world one child at a time\",\"publisher\":{\"@id\":\"https:\/\/childliberation.org\/#organization\"},\"alternateName\":\"CLF\",\"potentialAction\":[{\"@type\":\"SearchAction\",\"target\":{\"@type\":\"EntryPoint\",\"urlTemplate\":\"https:\/\/childliberation.org\/?s={search_term_string}\"},\"query-input\":{\"@type\":\"PropertyValueSpecification\",\"valueRequired\":true,\"valueName\":\"search_term_string\"}}],\"inLanguage\":\"es-CO\"},{\"@type\":\"Organization\",\"@id\":\"https:\/\/childliberation.org\/#organization\",\"name\":\"Child Liberation Foundation\",\"alternateName\":\"CLF\",\"url\":\"https:\/\/childliberation.org\/\",\"logo\":{\"@type\":\"ImageObject\",\"inLanguage\":\"es-CO\",\"@id\":\"https:\/\/childliberation.org\/#\/schema\/logo\/image\/\",\"url\":\"https:\/\/childliberation.org\/wp-content\/uploads\/2024\/12\/CLF-Logo-square.webp\",\"contentUrl\":\"https:\/\/childliberation.org\/wp-content\/uploads\/2024\/12\/CLF-Logo-square.webp\",\"width\":1081,\"height\":1081,\"caption\":\"Child Liberation Foundation\"},\"image\":{\"@id\":\"https:\/\/childliberation.org\/#\/schema\/logo\/image\/\"},\"sameAs\":[\"https:\/\/www.facebook.com\/LiberateAChild?mibextid=LQQJ4d\",\"https:\/\/x.com\/CLF_Org\",\"https:\/\/www.youtube.com\/@childliberationfoundation\",\"https:\/\/www.instagram.com\/childliberationfoundation\/\",\"https:\/\/www.tiktok.com\/@childliberationorg\"],\"description\":\"The Child Liberation Foundation was founded in February 2017 with a passion and commitment to end child trafficking around the world. In 2023 we have expanded our efforts to not only doing child rescue missions but also in focusing on the rehabilitation and healing of childhood sexual trauma by providing tools, modalities, awareness and education.\",\"email\":\"contact@childliberation.org\",\"legalName\":\"Child Liberation Foundation\",\"foundingDate\":\"2017-02-14\",\"numberOfEmployees\":{\"@type\":\"QuantitativeValue\",\"minValue\":\"11\",\"maxValue\":\"50\"}}]}<\/script>\n<!-- \/ Yoast SEO Premium plugin. -->","yoast_head_json":{"title":"Our Projects | Child Liberation Foundation","robots":{"index":"index","follow":"follow","max-snippet":"max-snippet:-1","max-image-preview":"max-image-preview:large","max-video-preview":"max-video-preview:-1"},"canonical":"https:\/\/childliberation.org\/es\/our-projects\/","og_locale":"es_ES","og_type":"article","og_title":"Child Liberation Foundation","og_description":"The Child Liberation Foundation was founded in February 2017 with a passion and commitment to end child trafficking around the world. In 2023 we have expanded our efforts to not only doing child rescue missions but also in focusing on the rehabilitation and healing of childhood sexual trauma by providing tools, modalities, awareness and education.","og_url":"https:\/\/childliberation.org\/es\/our-projects\/","og_site_name":"Child Liberation Foundation","article_publisher":"https:\/\/www.facebook.com\/LiberateAChild?mibextid=LQQJ4d","article_modified_time":"2025-04-23T05:57:34+00:00","og_image":[{"width":1081,"height":1081,"url":"https:\/\/childliberation.org\/wp-content\/uploads\/2024\/12\/CLF-Logo-square.webp","type":"image\/webp"}],"twitter_card":"summary_large_image","twitter_site":"@CLF_Org","twitter_misc":{"Tiempo de lectura":"1 minuto"},"schema":{"@context":"https:\/\/schema.org","@graph":[{"@type":"WebPage","@id":"https:\/\/childliberation.org\/our-projects\/","url":"https:\/\/childliberation.org\/our-projects\/","name":"Our Projects | Child Liberation Foundation","isPartOf":{"@id":"https:\/\/childliberation.org\/#website"},"datePublished":"2024-08-05T13:36:51+00:00","dateModified":"2025-04-23T05:57:34+00:00","breadcrumb":{"@id":"https:\/\/childliberation.org\/our-projects\/#breadcrumb"},"inLanguage":"es-CO","potentialAction":[{"@type":"ReadAction","target":["https:\/\/childliberation.org\/our-projects\/"]}]},{"@type":"BreadcrumbList","@id":"https:\/\/childliberation.org\/our-projects\/#breadcrumb","itemListElement":[{"@type":"ListItem","position":1,"name":"Home","item":"https:\/\/childliberation.org\/"},{"@type":"ListItem","position":2,"name":"Our Projects"}]},{"@type":"WebSite","@id":"https:\/\/childliberation.org\/#website","url":"https:\/\/childliberation.org\/","name":"Childliberation.org","description":"Liberando al mundo un ni\u00f1o a la vez","publisher":{"@id":"https:\/\/childliberation.org\/#organization"},"alternateName":"CLF","potentialAction":[{"@type":"SearchAction","target":{"@type":"EntryPoint","urlTemplate":"https:\/\/childliberation.org\/?s={search_term_string}"},"query-input":{"@type":"PropertyValueSpecification","valueRequired":true,"valueName":"search_term_string"}}],"inLanguage":"es-CO"},{"@type":"Organization","@id":"https:\/\/childliberation.org\/#organization","name":"Fundaci\u00f3n Child Liberation","alternateName":"CLF","url":"https:\/\/childliberation.org\/","logo":{"@type":"ImageObject","inLanguage":"es-CO","@id":"https:\/\/childliberation.org\/#\/schema\/logo\/image\/","url":"https:\/\/childliberation.org\/wp-content\/uploads\/2024\/12\/CLF-Logo-square.webp","contentUrl":"https:\/\/childliberation.org\/wp-content\/uploads\/2024\/12\/CLF-Logo-square.webp","width":1081,"height":1081,"caption":"Child Liberation Foundation"},"image":{"@id":"https:\/\/childliberation.org\/#\/schema\/logo\/image\/"},"sameAs":["https:\/\/www.facebook.com\/LiberateAChild?mibextid=LQQJ4d","https:\/\/x.com\/CLF_Org","https:\/\/www.youtube.com\/@childliberationfoundation","https:\/\/www.instagram.com\/childliberationfoundation\/","https:\/\/www.tiktok.com\/@childliberationorg"],"description":"La Child Liberation Foundation se fund\u00f3 en febrero de 2017 con la pasi\u00f3n y el compromiso de poner fin a la trata de ni\u00f1os en todo el mundo. En 2023, hemos ampliado nuestros esfuerzos no solo para realizar misiones de rescate infantil, sino tambi\u00e9n para centrarnos en la rehabilitaci\u00f3n y curaci\u00f3n del trauma sexual infantil proporcionando herramientas, modalidades, concientizaci\u00f3n y educaci\u00f3n.","email":"contact@childliberation.org","legalName":"Child Liberation Foundation","foundingDate":"2017-02-14","numberOfEmployees":{"@type":"QuantitativeValue","minValue":"11","maxValue":"50"}}]}},"campaignId":"","jetpack_sharing_enabled":true,"_links":{"self":[{"href":"https:\/\/childliberation.org\/es\/wp-json\/wp\/v2\/pages\/19525","targetHints":{"allow":["GET"]}}],"collection":[{"href":"https:\/\/childliberation.org\/es\/wp-json\/wp\/v2\/pages"}],"about":[{"href":"https:\/\/childliberation.org\/es\/wp-json\/wp\/v2\/types\/page"}],"author":[{"embeddable":true,"href":"https:\/\/childliberation.org\/es\/wp-json\/wp\/v2\/users\/4"}],"replies":[{"embeddable":true,"href":"https:\/\/childliberation.org\/es\/wp-json\/wp\/v2\/comments?post=19525"}],"version-history":[{"count":20,"href":"https:\/\/childliberation.org\/es\/wp-json\/wp\/v2\/pages\/19525\/revisions"}],"predecessor-version":[{"id":21762,"href":"https:\/\/childliberation.org\/es\/wp-json\/wp\/v2\/pages\/19525\/revisions\/21762"}],"wp:attachment":[{"href":"https:\/\/childliberation.org\/es\/wp-json\/wp\/v2\/media?parent=19525"}],"curies":[{"name":"wp","href":"https:\/\/api.w.org\/{rel}","templated":true}]}}