{"id":20208,"date":"2024-11-17T09:10:02","date_gmt":"2024-11-17T09:10:02","guid":{"rendered":"https:\/\/childliberation.org\/?page_id=20208"},"modified":"2025-02-07T05:45:03","modified_gmt":"2025-02-07T10:45:03","slug":"online-classes-registration","status":"publish","type":"page","link":"https:\/\/childliberation.org\/es\/online-classes-registration\/","title":{"rendered":"Registro de clases en l\u00ednea"},"content":{"rendered":"\t\t<div data-elementor-type=\"wp-page\" data-elementor-id=\"20208\" class=\"elementor elementor-20208\" data-elementor-post-type=\"page\">\n\t\t\t\t<div class=\"elementor-element elementor-element-5e811be1 e-con-full e-flex e-con e-parent\" data-id=\"5e811be1\" data-element_type=\"container\" data-e-type=\"container\" data-settings=\"{&quot;background_background&quot;:&quot;classic&quot;}\">\n\t\t<div class=\"elementor-element elementor-element-da3476e e-flex e-con-boxed e-con e-child\" data-id=\"da3476e\" data-element_type=\"container\" data-e-type=\"container\">\n\t\t\t\t\t<div class=\"e-con-inner\">\n\t\t\t\t<div class=\"elementor-element elementor-element-d49b240 elementor-widget elementor-widget-text-editor\" data-id=\"d49b240\" data-element_type=\"widget\" data-e-type=\"widget\" data-widget_type=\"text-editor.default\">\n\t\t\t\t<div class=\"elementor-widget-container\">\n\t\t\t\t\t\t\t\t\t<h1 style=\"text-align: center;\"><strong>Free <span style=\"color: #ff6600;\">Online<\/span> Classes\u00a0<\/strong><\/h1>\t\t\t\t\t\t\t\t<\/div>\n\t\t\t\t<\/div>\n\t\t\t\t\t<\/div>\n\t\t\t\t<\/div>\n\t\t\t\t<\/div>\n\t\t<div class=\"elementor-element elementor-element-ef76fd8 e-flex e-con-boxed e-con e-parent\" data-id=\"ef76fd8\" data-element_type=\"container\" data-e-type=\"container\">\n\t\t\t\t\t<div class=\"e-con-inner\">\n\t\t\t\t<div class=\"elementor-element elementor-element-b7d5072 elementor-widget elementor-widget-text-editor\" data-id=\"b7d5072\" data-element_type=\"widget\" data-e-type=\"widget\" data-widget_type=\"text-editor.default\">\n\t\t\t\t<div class=\"elementor-widget-container\">\n\t\t\t\t\t\t\t\t\t<h2 style=\"text-align: center;\"><strong>Empowering <span style=\"color: #ff6600;\">Young Minds<\/span> <\/strong><\/h2><h2 style=\"text-align: center;\"><strong>with Knowledge<\/strong><\/h2>\t\t\t\t\t\t\t\t<\/div>\n\t\t\t\t<\/div>\n\t\t\t\t<div class=\"elementor-element elementor-element-0911493 elementor-widget elementor-widget-text-editor\" data-id=\"0911493\" data-element_type=\"widget\" data-e-type=\"widget\" data-widget_type=\"text-editor.default\">\n\t\t\t\t<div class=\"elementor-widget-container\">\n\t\t\t\t\t\t\t\t\t<p>At <strong>Child Liberation Foundation<\/strong>, we believe that every child deserves access to quality education, no matter their circumstances. That\u2019s why we offer <strong>FREE online supplementary classes<\/strong> for <strong>1st to 4th graders<\/strong>, covering essential subjects to support their academic growth:<\/p><ul><li>Mathematics<\/li><li>Science<\/li><li>Spanish &amp; Language Arts<\/li><li>Ethics<\/li><li>Natural Sciences<\/li><\/ul>\t\t\t\t\t\t\t\t<\/div>\n\t\t\t\t<\/div>\n\t\t\t\t<div class=\"elementor-element elementor-element-60c053b elementor-widget elementor-widget-text-editor\" data-id=\"60c053b\" data-element_type=\"widget\" data-e-type=\"widget\" data-widget_type=\"text-editor.default\">\n\t\t\t\t<div class=\"elementor-widget-container\">\n\t\t\t\t\t\t\t\t\t<h2><strong>How It <span style=\"color: #ff6600;\">Works<\/span><\/strong><\/h2>\t\t\t\t\t\t\t\t<\/div>\n\t\t\t\t<\/div>\n\t\t\t\t<div class=\"elementor-element elementor-element-376a949 elementor-widget elementor-widget-text-editor\" data-id=\"376a949\" data-element_type=\"widget\" data-e-type=\"widget\" data-widget_type=\"text-editor.default\">\n\t\t\t\t<div class=\"elementor-widget-container\">\n\t\t\t\t\t\t\t\t\t<p>Our engaging and educational classes are available <a href=\"https:\/\/www.youtube.com\/@CLFLatam\"><strong>on our official YouTube channel<\/strong>,<\/a> making learning accessible anytime, anywhere. Whether your child needs extra help with school subjects or you\u2019re looking for a structured learning environment, our lessons are designed to enhance their understanding and curiosity.<\/p>\t\t\t\t\t\t\t\t<\/div>\n\t\t\t\t<\/div>\n\t\t\t\t<div class=\"elementor-element elementor-element-9bd0c41 elementor-widget elementor-widget-text-editor\" data-id=\"9bd0c41\" data-element_type=\"widget\" data-e-type=\"widget\" data-widget_type=\"text-editor.default\">\n\t\t\t\t<div class=\"elementor-widget-container\">\n\t\t\t\t\t\t\t\t\t<h2><strong><span style=\"color: #ff6600;\">Register <span style=\"color: #000000;\">Today<\/span><\/span><\/strong><\/h2>\t\t\t\t\t\t\t\t<\/div>\n\t\t\t\t<\/div>\n\t\t\t\t<div class=\"elementor-element elementor-element-1bdcfb2 elementor-widget elementor-widget-text-editor\" data-id=\"1bdcfb2\" data-element_type=\"widget\" data-e-type=\"widget\" data-widget_type=\"text-editor.default\">\n\t\t\t\t<div class=\"elementor-widget-container\">\n\t\t\t\t\t\t\t\t\t<p>To attend our free classes, a simple <strong>registration is required<\/strong>. Fill out the quick form below to sign up, and you\u2019ll get instant access to all our educational content.<\/p><p><strong>Sign up today and start learning!<\/strong><\/p>\t\t\t\t\t\t\t\t<\/div>\n\t\t\t\t<\/div>\n\t\t\t\t<div class=\"elementor-element elementor-element-78f18bc elementor-widget elementor-widget-text-editor\" data-id=\"78f18bc\" data-element_type=\"widget\" data-e-type=\"widget\" data-widget_type=\"text-editor.default\">\n\t\t\t\t<div class=\"elementor-widget-container\">\n\t\t\t\t\t\t\t\t\t<p>\u00a0<\/p><p><span style=\"color: #000000;\">By registering, you&#8217;ll receive updates on new lessons, special learning materials, and additional resources to support your child&#8217;s education.<\/span><\/p><p><span style=\"color: #000000;\">At Child Liberation Foundation, we\u2019re committed to making learning engaging, fun, and accessible to all. Join us on this journey to empower the next generation!<\/span><\/p>\t\t\t\t\t\t\t\t<\/div>\n\t\t\t\t<\/div>\n\t\t\t\t<div class=\"elementor-element elementor-element-dccfcaa elementor-button-align-stretch elementor-widget elementor-widget-form\" data-id=\"dccfcaa\" data-element_type=\"widget\" data-e-type=\"widget\" data-settings=\"{&quot;step_next_label&quot;:&quot;Next&quot;,&quot;step_previous_label&quot;:&quot;Previous&quot;,&quot;button_width&quot;:&quot;100&quot;,&quot;step_type&quot;:&quot;number_text&quot;,&quot;step_icon_shape&quot;:&quot;circle&quot;}\" data-widget_type=\"form.default\">\n\t\t\t\t<div class=\"elementor-widget-container\">\n\t\t\t\t\t\t\t<form class=\"elementor-form\" method=\"post\" name=\"Online Clases Registration form\">\n\t\t\t<input type=\"hidden\" name=\"post_id\" value=\"20208\"\/>\n\t\t\t<input type=\"hidden\" name=\"form_id\" value=\"dccfcaa\"\/>\n\t\t\t<input type=\"hidden\" name=\"referer_title\" value=\"Online Classes Registration | Child Liberation Foundation\" \/>\n\n\t\t\t\t\t\t\t<input type=\"hidden\" name=\"queried_id\" value=\"20208\"\/>\n\t\t\t\n\t\t\t<div class=\"elementor-form-fields-wrapper elementor-labels-above\">\n\t\t\t\t\t\t\t\t<div class=\"elementor-field-type-text elementor-field-group elementor-column elementor-field-group-field_94509d3 elementor-col-100 elementor-field-required\">\n\t\t\t\t\t\t\t\t\t\t\t\t<label for=\"form-field-field_94509d3\" class=\"elementor-field-label\">\n\t\t\t\t\t\t\t\tName\t\t\t\t\t\t\t<\/label>\n\t\t\t\t\t\t\t\t\t\t\t\t\t\t<input size=\"1\" type=\"text\" name=\"form_fields[field_94509d3]\" id=\"form-field-field_94509d3\" class=\"elementor-field elementor-size-sm  elementor-field-textual\" required=\"required\">\n\t\t\t\t\t\t\t\t\t\t\t<\/div>\n\t\t\t\t\t\t\t\t<div class=\"elementor-field-type-text elementor-field-group elementor-column elementor-field-group-field_7ae09e6 elementor-col-100 elementor-field-required\">\n\t\t\t\t\t\t\t\t\t\t\t\t<label for=\"form-field-field_7ae09e6\" class=\"elementor-field-label\">\n\t\t\t\t\t\t\t\tChilds Name\t\t\t\t\t\t\t<\/label>\n\t\t\t\t\t\t\t\t\t\t\t\t\t\t<input size=\"1\" type=\"text\" name=\"form_fields[field_7ae09e6]\" id=\"form-field-field_7ae09e6\" class=\"elementor-field elementor-size-sm  elementor-field-textual\" required=\"required\">\n\t\t\t\t\t\t\t\t\t\t\t<\/div>\n\t\t\t\t\t\t\t\t<div class=\"elementor-field-type-email elementor-field-group elementor-column elementor-field-group-field_d491afd elementor-col-100 elementor-field-required\">\n\t\t\t\t\t\t\t\t\t\t\t\t<label for=\"form-field-field_d491afd\" class=\"elementor-field-label\">\n\t\t\t\t\t\t\t\tEmail\t\t\t\t\t\t\t<\/label>\n\t\t\t\t\t\t\t\t\t\t\t\t\t\t<input size=\"1\" type=\"email\" name=\"form_fields[field_d491afd]\" id=\"form-field-field_d491afd\" class=\"elementor-field elementor-size-sm  elementor-field-textual\" required=\"required\">\n\t\t\t\t\t\t\t\t\t\t\t<\/div>\n\t\t\t\t\t\t\t\t<div class=\"elementor-field-type-tel elementor-field-group elementor-column elementor-field-group-email elementor-col-100 elementor-field-required\">\n\t\t\t\t\t\t\t\t\t\t\t\t<label for=\"form-field-email\" class=\"elementor-field-label\">\n\t\t\t\t\t\t\t\tTel\t\t\t\t\t\t\t<\/label>\n\t\t\t\t\t\t\t\t<input size=\"1\" type=\"tel\" name=\"form_fields[email]\" id=\"form-field-email\" class=\"elementor-field elementor-size-sm  elementor-field-textual\" required=\"required\" pattern=\"[0-9()#&amp;+*-=.]+\" title=\"S\u00f3lo se aceptan n\u00fameros y caracteres telef\u00f3nicos (#, -, *, etc.).\">\n\n\t\t\t\t\t\t<\/div>\n\t\t\t\t\t\t\t\t<div class=\"elementor-field-type-acceptance elementor-field-group elementor-column elementor-field-group-field_c2fec7d elementor-col-100 elementor-field-required\">\n\t\t\t\t\t\t\t<div class=\"elementor-field-subgroup\">\n\t\t\t<span class=\"elementor-field-option\">\n\t\t\t\t<input type=\"checkbox\" name=\"form_fields[field_c2fec7d]\" id=\"form-field-field_c2fec7d\" class=\"elementor-field elementor-size-sm  elementor-acceptance-field\" required=\"required\" checked=\"checked\">\n\t\t\t\t<label for=\"form-field-field_c2fec7d\">I would like to be signed up to the 10% movement<\/label>\t\t\t<\/span>\n\t\t<\/div>\n\t\t\t\t\t\t<\/div>\n\t\t\t\t\t\t\t\t<div class=\"elementor-field-type-acceptance elementor-field-group elementor-column elementor-field-group-field_ee2dc0d elementor-col-100 elementor-field-required\">\n\t\t\t\t\t\t\t<div class=\"elementor-field-subgroup\">\n\t\t\t<span class=\"elementor-field-option\">\n\t\t\t\t<input type=\"checkbox\" name=\"form_fields[field_ee2dc0d]\" id=\"form-field-field_ee2dc0d\" class=\"elementor-field elementor-size-sm  elementor-acceptance-field\" required=\"required\" checked=\"checked\">\n\t\t\t\t<label for=\"form-field-field_ee2dc0d\">I have followed @childliberationLATAM on social media<\/label>\t\t\t<\/span>\n\t\t<\/div>\n\t\t\t\t\t\t<\/div>\n\t\t\t\t\t\t\t\t<div class=\"elementor-field-group elementor-column elementor-field-type-submit elementor-col-100 e-form__buttons\">\n\t\t\t\t\t<button class=\"elementor-button elementor-size-sm\" type=\"submit\">\n\t\t\t\t\t\t<span class=\"elementor-button-content-wrapper\">\n\t\t\t\t\t\t\t\t\t\t\t\t\t\t\t\t\t\t\t\t\t\t<span class=\"elementor-button-text\">Send<\/span>\n\t\t\t\t\t\t\t\t\t\t\t\t\t<\/span>\n\t\t\t\t\t<\/button>\n\t\t\t\t<\/div>\n\t\t\t<\/div>\n\t\t<\/form>\n\t\t\t\t\t\t<\/div>\n\t\t\t\t<\/div>\n\t\t\t\t\t<\/div>\n\t\t\t\t<\/div>\n\t\t\t\t<\/div>\n\t\t","protected":false},"excerpt":{"rendered":"<p>Free Online Classes\u00a0 Empowering Young Minds with Knowledge At Child Liberation Foundation, we believe that every child deserves access to quality education, no matter their circumstances. That\u2019s why we offer FREE online supplementary classes for 1st to 4th graders, covering essential subjects to support their academic growth: Mathematics Science Spanish &amp; Language Arts Ethics Natural [&hellip;]<\/p>\n","protected":false},"author":5,"featured_media":0,"parent":0,"menu_order":0,"comment_status":"closed","ping_status":"closed","template":"elementor_header_footer","meta":{"give_campaign_id":0,"footnotes":""},"class_list":["post-20208","page","type-page","status-publish","hentry"],"yoast_head":"<!-- This site is optimized with the Yoast SEO Premium plugin v24.0 (Yoast SEO v24.0) - https:\/\/yoast.com\/wordpress\/plugins\/seo\/ -->\n<title>Online Classes Registration | Child Liberation Foundation<\/title>\n<meta name=\"robots\" content=\"index, follow, max-snippet:-1, max-image-preview:large, max-video-preview:-1\" \/>\n<link rel=\"canonical\" href=\"https:\/\/childliberation.org\/es\/online-classes-registration\/\" \/>\n<meta property=\"og:locale\" content=\"es_ES\" \/>\n<meta property=\"og:type\" content=\"article\" \/>\n<meta property=\"og:title\" content=\"Child Liberation Foundation\" \/>\n<meta property=\"og:description\" content=\"Thank you for registering yourchild for our online classes. Classes will be held online on our youtube channel. The timetable for classes will be posted here closer to the dates.\" \/>\n<meta property=\"og:url\" content=\"https:\/\/childliberation.org\/es\/online-classes-registration\/\" \/>\n<meta property=\"og:site_name\" content=\"Child Liberation Foundation\" \/>\n<meta property=\"article:publisher\" content=\"https:\/\/www.facebook.com\/LiberateAChild?mibextid=LQQJ4d\" \/>\n<meta property=\"article:modified_time\" content=\"2025-02-07T10:45:03+00:00\" \/>\n<meta property=\"og:image\" content=\"https:\/\/childliberation.org\/wp-content\/uploads\/2024\/12\/CLF-Logo-square.webp\" \/>\n\t<meta property=\"og:image:width\" content=\"1081\" \/>\n\t<meta property=\"og:image:height\" content=\"1081\" \/>\n\t<meta property=\"og:image:type\" content=\"image\/webp\" \/>\n<meta name=\"twitter:card\" content=\"summary_large_image\" \/>\n<meta name=\"twitter:description\" content=\"The Child Liberation Foundation was founded in February 2017 with a passion and commitment to end child trafficking around the world. In 2023 we have expanded our efforts to not only doing child rescue missions but also in focusing on the rehabilitation and healing of childhood sexual trauma by providing tools, modalities, awareness and education.\" \/>\n<meta name=\"twitter:site\" content=\"@CLF_Org\" \/>\n<meta name=\"twitter:label1\" content=\"Tiempo de lectura\" \/>\n\t<meta name=\"twitter:data1\" content=\"1 minuto\" \/>\n<script type=\"application\/ld+json\" class=\"yoast-schema-graph\">{\"@context\":\"https:\/\/schema.org\",\"@graph\":[{\"@type\":\"WebPage\",\"@id\":\"https:\/\/childliberation.org\/online-classes-registration\/\",\"url\":\"https:\/\/childliberation.org\/online-classes-registration\/\",\"name\":\"Online Classes Registration | Child Liberation Foundation\",\"isPartOf\":{\"@id\":\"https:\/\/childliberation.org\/#website\"},\"datePublished\":\"2024-11-17T09:10:02+00:00\",\"dateModified\":\"2025-02-07T10:45:03+00:00\",\"breadcrumb\":{\"@id\":\"https:\/\/childliberation.org\/online-classes-registration\/#breadcrumb\"},\"inLanguage\":\"es-CO\",\"potentialAction\":[{\"@type\":\"ReadAction\",\"target\":[\"https:\/\/childliberation.org\/online-classes-registration\/\"]}]},{\"@type\":\"BreadcrumbList\",\"@id\":\"https:\/\/childliberation.org\/online-classes-registration\/#breadcrumb\",\"itemListElement\":[{\"@type\":\"ListItem\",\"position\":1,\"name\":\"Home\",\"item\":\"https:\/\/childliberation.org\/\"},{\"@type\":\"ListItem\",\"position\":2,\"name\":\"Online Classes Registration\"}]},{\"@type\":\"WebSite\",\"@id\":\"https:\/\/childliberation.org\/#website\",\"url\":\"https:\/\/childliberation.org\/\",\"name\":\"Childliberation.org\",\"description\":\"Liberating the world one child at a time\",\"publisher\":{\"@id\":\"https:\/\/childliberation.org\/#organization\"},\"alternateName\":\"CLF\",\"potentialAction\":[{\"@type\":\"SearchAction\",\"target\":{\"@type\":\"EntryPoint\",\"urlTemplate\":\"https:\/\/childliberation.org\/?s={search_term_string}\"},\"query-input\":{\"@type\":\"PropertyValueSpecification\",\"valueRequired\":true,\"valueName\":\"search_term_string\"}}],\"inLanguage\":\"es-CO\"},{\"@type\":\"Organization\",\"@id\":\"https:\/\/childliberation.org\/#organization\",\"name\":\"Child Liberation Foundation\",\"alternateName\":\"CLF\",\"url\":\"https:\/\/childliberation.org\/\",\"logo\":{\"@type\":\"ImageObject\",\"inLanguage\":\"es-CO\",\"@id\":\"https:\/\/childliberation.org\/#\/schema\/logo\/image\/\",\"url\":\"https:\/\/childliberation.org\/wp-content\/uploads\/2024\/12\/CLF-Logo-square.webp\",\"contentUrl\":\"https:\/\/childliberation.org\/wp-content\/uploads\/2024\/12\/CLF-Logo-square.webp\",\"width\":1081,\"height\":1081,\"caption\":\"Child Liberation Foundation\"},\"image\":{\"@id\":\"https:\/\/childliberation.org\/#\/schema\/logo\/image\/\"},\"sameAs\":[\"https:\/\/www.facebook.com\/LiberateAChild?mibextid=LQQJ4d\",\"https:\/\/x.com\/CLF_Org\",\"https:\/\/www.youtube.com\/@childliberationfoundation\",\"https:\/\/www.instagram.com\/childliberationfoundation\/\",\"https:\/\/www.tiktok.com\/@childliberationorg\"],\"description\":\"The Child Liberation Foundation was founded in February 2017 with a passion and commitment to end child trafficking around the world. In 2023 we have expanded our efforts to not only doing child rescue missions but also in focusing on the rehabilitation and healing of childhood sexual trauma by providing tools, modalities, awareness and education.\",\"email\":\"contact@childliberation.org\",\"legalName\":\"Child Liberation Foundation\",\"foundingDate\":\"2017-02-14\",\"numberOfEmployees\":{\"@type\":\"QuantitativeValue\",\"minValue\":\"11\",\"maxValue\":\"50\"}}]}<\/script>\n<!-- \/ Yoast SEO Premium plugin. -->","yoast_head_json":{"title":"Online Classes Registration | Child Liberation Foundation","robots":{"index":"index","follow":"follow","max-snippet":"max-snippet:-1","max-image-preview":"max-image-preview:large","max-video-preview":"max-video-preview:-1"},"canonical":"https:\/\/childliberation.org\/es\/online-classes-registration\/","og_locale":"es_ES","og_type":"article","og_title":"Child Liberation Foundation","og_description":"Thank you for registering yourchild for our online classes. Classes will be held online on our youtube channel. The timetable for classes will be posted here closer to the dates.","og_url":"https:\/\/childliberation.org\/es\/online-classes-registration\/","og_site_name":"Child Liberation Foundation","article_publisher":"https:\/\/www.facebook.com\/LiberateAChild?mibextid=LQQJ4d","article_modified_time":"2025-02-07T10:45:03+00:00","og_image":[{"width":1081,"height":1081,"url":"https:\/\/childliberation.org\/wp-content\/uploads\/2024\/12\/CLF-Logo-square.webp","type":"image\/webp"}],"twitter_card":"summary_large_image","twitter_description":"The Child Liberation Foundation was founded in February 2017 with a passion and commitment to end child trafficking around the world. In 2023 we have expanded our efforts to not only doing child rescue missions but also in focusing on the rehabilitation and healing of childhood sexual trauma by providing tools, modalities, awareness and education.","twitter_site":"@CLF_Org","twitter_misc":{"Tiempo de lectura":"1 minuto"},"schema":{"@context":"https:\/\/schema.org","@graph":[{"@type":"WebPage","@id":"https:\/\/childliberation.org\/online-classes-registration\/","url":"https:\/\/childliberation.org\/online-classes-registration\/","name":"Online Classes Registration | Child Liberation Foundation","isPartOf":{"@id":"https:\/\/childliberation.org\/#website"},"datePublished":"2024-11-17T09:10:02+00:00","dateModified":"2025-02-07T10:45:03+00:00","breadcrumb":{"@id":"https:\/\/childliberation.org\/online-classes-registration\/#breadcrumb"},"inLanguage":"es-CO","potentialAction":[{"@type":"ReadAction","target":["https:\/\/childliberation.org\/online-classes-registration\/"]}]},{"@type":"BreadcrumbList","@id":"https:\/\/childliberation.org\/online-classes-registration\/#breadcrumb","itemListElement":[{"@type":"ListItem","position":1,"name":"Home","item":"https:\/\/childliberation.org\/"},{"@type":"ListItem","position":2,"name":"Online Classes Registration"}]},{"@type":"WebSite","@id":"https:\/\/childliberation.org\/#website","url":"https:\/\/childliberation.org\/","name":"Childliberation.org","description":"Liberando al mundo un ni\u00f1o a la vez","publisher":{"@id":"https:\/\/childliberation.org\/#organization"},"alternateName":"CLF","potentialAction":[{"@type":"SearchAction","target":{"@type":"EntryPoint","urlTemplate":"https:\/\/childliberation.org\/?s={search_term_string}"},"query-input":{"@type":"PropertyValueSpecification","valueRequired":true,"valueName":"search_term_string"}}],"inLanguage":"es-CO"},{"@type":"Organization","@id":"https:\/\/childliberation.org\/#organization","name":"Fundaci\u00f3n Child Liberation","alternateName":"CLF","url":"https:\/\/childliberation.org\/","logo":{"@type":"ImageObject","inLanguage":"es-CO","@id":"https:\/\/childliberation.org\/#\/schema\/logo\/image\/","url":"https:\/\/childliberation.org\/wp-content\/uploads\/2024\/12\/CLF-Logo-square.webp","contentUrl":"https:\/\/childliberation.org\/wp-content\/uploads\/2024\/12\/CLF-Logo-square.webp","width":1081,"height":1081,"caption":"Child Liberation Foundation"},"image":{"@id":"https:\/\/childliberation.org\/#\/schema\/logo\/image\/"},"sameAs":["https:\/\/www.facebook.com\/LiberateAChild?mibextid=LQQJ4d","https:\/\/x.com\/CLF_Org","https:\/\/www.youtube.com\/@childliberationfoundation","https:\/\/www.instagram.com\/childliberationfoundation\/","https:\/\/www.tiktok.com\/@childliberationorg"],"description":"La Child Liberation Foundation se fund\u00f3 en febrero de 2017 con la pasi\u00f3n y el compromiso de poner fin a la trata de ni\u00f1os en todo el mundo. En 2023, hemos ampliado nuestros esfuerzos no solo para realizar misiones de rescate infantil, sino tambi\u00e9n para centrarnos en la rehabilitaci\u00f3n y curaci\u00f3n del trauma sexual infantil proporcionando herramientas, modalidades, concientizaci\u00f3n y educaci\u00f3n.","email":"contact@childliberation.org","legalName":"Child Liberation Foundation","foundingDate":"2017-02-14","numberOfEmployees":{"@type":"QuantitativeValue","minValue":"11","maxValue":"50"}}]}},"campaignId":"","jetpack_sharing_enabled":true,"_links":{"self":[{"href":"https:\/\/childliberation.org\/es\/wp-json\/wp\/v2\/pages\/20208","targetHints":{"allow":["GET"]}}],"collection":[{"href":"https:\/\/childliberation.org\/es\/wp-json\/wp\/v2\/pages"}],"about":[{"href":"https:\/\/childliberation.org\/es\/wp-json\/wp\/v2\/types\/page"}],"author":[{"embeddable":true,"href":"https:\/\/childliberation.org\/es\/wp-json\/wp\/v2\/users\/5"}],"replies":[{"embeddable":true,"href":"https:\/\/childliberation.org\/es\/wp-json\/wp\/v2\/comments?post=20208"}],"version-history":[{"count":65,"href":"https:\/\/childliberation.org\/es\/wp-json\/wp\/v2\/pages\/20208\/revisions"}],"predecessor-version":[{"id":21468,"href":"https:\/\/childliberation.org\/es\/wp-json\/wp\/v2\/pages\/20208\/revisions\/21468"}],"wp:attachment":[{"href":"https:\/\/childliberation.org\/es\/wp-json\/wp\/v2\/media?parent=20208"}],"curies":[{"name":"wp","href":"https:\/\/api.w.org\/{rel}","templated":true}]}}