{"id":20883,"date":"2025-01-21T02:24:40","date_gmt":"2025-01-21T07:24:40","guid":{"rendered":"https:\/\/childliberation.org\/?page_id=20883"},"modified":"2025-01-21T03:07:16","modified_gmt":"2025-01-21T08:07:16","slug":"amelia-specific-event","status":"publish","type":"page","link":"https:\/\/childliberation.org\/es\/amelia-specific-event\/","title":{"rendered":"Amelia specific event"},"content":{"rendered":"\t\t<div data-elementor-type=\"wp-page\" data-elementor-id=\"20883\" class=\"elementor elementor-20883\" data-elementor-post-type=\"page\">\n\t\t\t\t<div class=\"elementor-element elementor-element-6badddb8 e-con-full e-flex e-con e-parent\" data-id=\"6badddb8\" data-element_type=\"container\" data-e-type=\"container\" data-settings=\"{&quot;background_background&quot;:&quot;classic&quot;}\">\n\t\t\t\t<\/div>\n\t\t<div class=\"elementor-element elementor-element-6af67fb0 e-flex e-con-boxed e-con e-parent\" data-id=\"6af67fb0\" data-element_type=\"container\" data-e-type=\"container\">\n\t\t\t\t\t<div class=\"e-con-inner\">\n\t\t<div class=\"elementor-element elementor-element-14d2174 e-con-full e-flex e-con e-child\" data-id=\"14d2174\" data-element_type=\"container\" data-e-type=\"container\">\n\t\t\t\t<div class=\"elementor-element elementor-element-a150dab elementor-widget elementor-widget-text-editor\" data-id=\"a150dab\" data-element_type=\"widget\" data-e-type=\"widget\" data-widget_type=\"text-editor.default\">\n\t\t\t\t<div class=\"elementor-widget-container\">\n\t\t\t\t\t\t\t\t\t<p><script>\n  if (typeof hasAmeliaEvent === 'undefined') {\n    var hasAmeliaEvent = true;\n  }\n  if (typeof hasEventApiCall === 'undefined' && '' === '') {\n    var hasEventApiCall = true;\n  }\n  var hasEventShortcode = (typeof hasEventShortcode === 'undefined') ? false : true;\n  var bookingEntitiesIds = (typeof bookingEntitiesIds === 'undefined') ? [] : bookingEntitiesIds;\n  bookingEntitiesIds.push(\n    {\n      'hasApiCall': (typeof hasEventApiCall !== 'undefined') && hasEventApiCall,\n      'trigger': '',\n      'counter': '0',\n      'employee': '',\n      'eventId': '1',\n      'eventRecurring': 0,\n      'eventTag': \"\"\n    }\n  );\n  var lazyBookingEntitiesIds = (typeof lazyBookingEntitiesIds === 'undefined') ? [] : lazyBookingEntitiesIds;\n  if (bookingEntitiesIds[bookingEntitiesIds.length - 1].trigger !== '') {\n    lazyBookingEntitiesIds.push(bookingEntitiesIds.pop());\n  }\n  if (typeof hasEventApiCall !== 'undefined' && hasEventApiCall) {\n    hasEventApiCall = false;\n  }\n<\/script>\n\n<div id=\"amelia-app-booking0\" class=\"amelia-service amelia-frontend amelia-app-booking\">\n    <events-list><\/events-list><\/div>\n<\/p>\t\t\t\t\t\t\t\t<\/div>\n\t\t\t\t<\/div>\n\t\t\t\t<\/div>\n\t\t\t\t\t<\/div>\n\t\t\t\t<\/div>\n\t\t\t\t<\/div>\n\t\t","protected":false},"excerpt":{"rendered":"","protected":false},"author":4,"featured_media":0,"parent":0,"menu_order":0,"comment_status":"closed","ping_status":"closed","template":"","meta":{"give_campaign_id":0,"footnotes":""},"class_list":["post-20883","page","type-page","status-publish","hentry"],"yoast_head":"<!-- This site is optimized with the Yoast SEO Premium plugin v24.0 (Yoast SEO v24.0) - https:\/\/yoast.com\/wordpress\/plugins\/seo\/ -->\n<title>Amelia specific event | Child Liberation Foundation<\/title>\n<meta name=\"robots\" content=\"index, follow, max-snippet:-1, max-image-preview:large, max-video-preview:-1\" \/>\n<link rel=\"canonical\" href=\"https:\/\/childliberation.org\/es\/amelia-specific-event\/\" \/>\n<meta property=\"og:locale\" content=\"es_ES\" \/>\n<meta property=\"og:type\" content=\"article\" \/>\n<meta property=\"og:title\" content=\"Child Liberation Foundation\" \/>\n<meta property=\"og:description\" content=\"The Child Liberation Foundation was founded in February 2017 with a passion and commitment to end child trafficking around the world. In 2023 we have expanded our efforts to not only doing child rescue missions but also in focusing on the rehabilitation and healing of childhood sexual trauma by providing tools, modalities, awareness and education.\" \/>\n<meta property=\"og:url\" content=\"https:\/\/childliberation.org\/es\/amelia-specific-event\/\" \/>\n<meta property=\"og:site_name\" content=\"Child Liberation Foundation\" \/>\n<meta property=\"article:publisher\" content=\"https:\/\/www.facebook.com\/LiberateAChild?mibextid=LQQJ4d\" \/>\n<meta property=\"article:modified_time\" content=\"2025-01-21T08:07:16+00:00\" \/>\n<meta property=\"og:image\" content=\"https:\/\/childliberation.org\/wp-content\/uploads\/2024\/12\/CLF-Logo-square.webp\" \/>\n\t<meta property=\"og:image:width\" content=\"1081\" \/>\n\t<meta property=\"og:image:height\" content=\"1081\" \/>\n\t<meta property=\"og:image:type\" content=\"image\/webp\" \/>\n<meta name=\"twitter:card\" content=\"summary_large_image\" \/>\n<meta name=\"twitter:site\" content=\"@CLF_Org\" \/>\n<meta name=\"twitter:label1\" content=\"Tiempo de lectura\" \/>\n\t<meta name=\"twitter:data1\" content=\"1 minuto\" \/>\n<script type=\"application\/ld+json\" class=\"yoast-schema-graph\">{\"@context\":\"https:\/\/schema.org\",\"@graph\":[{\"@type\":\"WebPage\",\"@id\":\"https:\/\/childliberation.org\/amelia-specific-event\/\",\"url\":\"https:\/\/childliberation.org\/amelia-specific-event\/\",\"name\":\"Amelia specific event | Child Liberation Foundation\",\"isPartOf\":{\"@id\":\"https:\/\/childliberation.org\/#website\"},\"datePublished\":\"2025-01-21T07:24:40+00:00\",\"dateModified\":\"2025-01-21T08:07:16+00:00\",\"breadcrumb\":{\"@id\":\"https:\/\/childliberation.org\/amelia-specific-event\/#breadcrumb\"},\"inLanguage\":\"es-CO\",\"potentialAction\":[{\"@type\":\"ReadAction\",\"target\":[\"https:\/\/childliberation.org\/amelia-specific-event\/\"]}]},{\"@type\":\"BreadcrumbList\",\"@id\":\"https:\/\/childliberation.org\/amelia-specific-event\/#breadcrumb\",\"itemListElement\":[{\"@type\":\"ListItem\",\"position\":1,\"name\":\"Home\",\"item\":\"https:\/\/childliberation.org\/\"},{\"@type\":\"ListItem\",\"position\":2,\"name\":\"Amelia specific event\"}]},{\"@type\":\"WebSite\",\"@id\":\"https:\/\/childliberation.org\/#website\",\"url\":\"https:\/\/childliberation.org\/\",\"name\":\"Childliberation.org\",\"description\":\"Liberating the world one child at a time\",\"publisher\":{\"@id\":\"https:\/\/childliberation.org\/#organization\"},\"alternateName\":\"CLF\",\"potentialAction\":[{\"@type\":\"SearchAction\",\"target\":{\"@type\":\"EntryPoint\",\"urlTemplate\":\"https:\/\/childliberation.org\/?s={search_term_string}\"},\"query-input\":{\"@type\":\"PropertyValueSpecification\",\"valueRequired\":true,\"valueName\":\"search_term_string\"}}],\"inLanguage\":\"es-CO\"},{\"@type\":\"Organization\",\"@id\":\"https:\/\/childliberation.org\/#organization\",\"name\":\"Child Liberation Foundation\",\"alternateName\":\"CLF\",\"url\":\"https:\/\/childliberation.org\/\",\"logo\":{\"@type\":\"ImageObject\",\"inLanguage\":\"es-CO\",\"@id\":\"https:\/\/childliberation.org\/#\/schema\/logo\/image\/\",\"url\":\"https:\/\/childliberation.org\/wp-content\/uploads\/2024\/12\/CLF-Logo-square.webp\",\"contentUrl\":\"https:\/\/childliberation.org\/wp-content\/uploads\/2024\/12\/CLF-Logo-square.webp\",\"width\":1081,\"height\":1081,\"caption\":\"Child Liberation Foundation\"},\"image\":{\"@id\":\"https:\/\/childliberation.org\/#\/schema\/logo\/image\/\"},\"sameAs\":[\"https:\/\/www.facebook.com\/LiberateAChild?mibextid=LQQJ4d\",\"https:\/\/x.com\/CLF_Org\",\"https:\/\/www.youtube.com\/@childliberationfoundation\",\"https:\/\/www.instagram.com\/childliberationfoundation\/\",\"https:\/\/www.tiktok.com\/@childliberationorg\"],\"description\":\"The Child Liberation Foundation was founded in February 2017 with a passion and commitment to end child trafficking around the world. In 2023 we have expanded our efforts to not only doing child rescue missions but also in focusing on the rehabilitation and healing of childhood sexual trauma by providing tools, modalities, awareness and education.\",\"email\":\"contact@childliberation.org\",\"legalName\":\"Child Liberation Foundation\",\"foundingDate\":\"2017-02-14\",\"numberOfEmployees\":{\"@type\":\"QuantitativeValue\",\"minValue\":\"11\",\"maxValue\":\"50\"}}]}<\/script>\n<!-- \/ Yoast SEO Premium plugin. -->","yoast_head_json":{"title":"Amelia specific event | Child Liberation Foundation","robots":{"index":"index","follow":"follow","max-snippet":"max-snippet:-1","max-image-preview":"max-image-preview:large","max-video-preview":"max-video-preview:-1"},"canonical":"https:\/\/childliberation.org\/es\/amelia-specific-event\/","og_locale":"es_ES","og_type":"article","og_title":"Child Liberation Foundation","og_description":"The Child Liberation Foundation was founded in February 2017 with a passion and commitment to end child trafficking around the world. In 2023 we have expanded our efforts to not only doing child rescue missions but also in focusing on the rehabilitation and healing of childhood sexual trauma by providing tools, modalities, awareness and education.","og_url":"https:\/\/childliberation.org\/es\/amelia-specific-event\/","og_site_name":"Child Liberation Foundation","article_publisher":"https:\/\/www.facebook.com\/LiberateAChild?mibextid=LQQJ4d","article_modified_time":"2025-01-21T08:07:16+00:00","og_image":[{"width":1081,"height":1081,"url":"https:\/\/childliberation.org\/wp-content\/uploads\/2024\/12\/CLF-Logo-square.webp","type":"image\/webp"}],"twitter_card":"summary_large_image","twitter_site":"@CLF_Org","twitter_misc":{"Tiempo de lectura":"1 minuto"},"schema":{"@context":"https:\/\/schema.org","@graph":[{"@type":"WebPage","@id":"https:\/\/childliberation.org\/amelia-specific-event\/","url":"https:\/\/childliberation.org\/amelia-specific-event\/","name":"Amelia specific event | Child Liberation Foundation","isPartOf":{"@id":"https:\/\/childliberation.org\/#website"},"datePublished":"2025-01-21T07:24:40+00:00","dateModified":"2025-01-21T08:07:16+00:00","breadcrumb":{"@id":"https:\/\/childliberation.org\/amelia-specific-event\/#breadcrumb"},"inLanguage":"es-CO","potentialAction":[{"@type":"ReadAction","target":["https:\/\/childliberation.org\/amelia-specific-event\/"]}]},{"@type":"BreadcrumbList","@id":"https:\/\/childliberation.org\/amelia-specific-event\/#breadcrumb","itemListElement":[{"@type":"ListItem","position":1,"name":"Home","item":"https:\/\/childliberation.org\/"},{"@type":"ListItem","position":2,"name":"Amelia specific event"}]},{"@type":"WebSite","@id":"https:\/\/childliberation.org\/#website","url":"https:\/\/childliberation.org\/","name":"Childliberation.org","description":"Liberando al mundo un ni\u00f1o a la vez","publisher":{"@id":"https:\/\/childliberation.org\/#organization"},"alternateName":"CLF","potentialAction":[{"@type":"SearchAction","target":{"@type":"EntryPoint","urlTemplate":"https:\/\/childliberation.org\/?s={search_term_string}"},"query-input":{"@type":"PropertyValueSpecification","valueRequired":true,"valueName":"search_term_string"}}],"inLanguage":"es-CO"},{"@type":"Organization","@id":"https:\/\/childliberation.org\/#organization","name":"Fundaci\u00f3n Child Liberation","alternateName":"CLF","url":"https:\/\/childliberation.org\/","logo":{"@type":"ImageObject","inLanguage":"es-CO","@id":"https:\/\/childliberation.org\/#\/schema\/logo\/image\/","url":"https:\/\/childliberation.org\/wp-content\/uploads\/2024\/12\/CLF-Logo-square.webp","contentUrl":"https:\/\/childliberation.org\/wp-content\/uploads\/2024\/12\/CLF-Logo-square.webp","width":1081,"height":1081,"caption":"Child Liberation Foundation"},"image":{"@id":"https:\/\/childliberation.org\/#\/schema\/logo\/image\/"},"sameAs":["https:\/\/www.facebook.com\/LiberateAChild?mibextid=LQQJ4d","https:\/\/x.com\/CLF_Org","https:\/\/www.youtube.com\/@childliberationfoundation","https:\/\/www.instagram.com\/childliberationfoundation\/","https:\/\/www.tiktok.com\/@childliberationorg"],"description":"La Child Liberation Foundation se fund\u00f3 en febrero de 2017 con la pasi\u00f3n y el compromiso de poner fin a la trata de ni\u00f1os en todo el mundo. En 2023, hemos ampliado nuestros esfuerzos no solo para realizar misiones de rescate infantil, sino tambi\u00e9n para centrarnos en la rehabilitaci\u00f3n y curaci\u00f3n del trauma sexual infantil proporcionando herramientas, modalidades, concientizaci\u00f3n y educaci\u00f3n.","email":"contact@childliberation.org","legalName":"Child Liberation Foundation","foundingDate":"2017-02-14","numberOfEmployees":{"@type":"QuantitativeValue","minValue":"11","maxValue":"50"}}]}},"campaignId":"","jetpack_sharing_enabled":true,"_links":{"self":[{"href":"https:\/\/childliberation.org\/es\/wp-json\/wp\/v2\/pages\/20883","targetHints":{"allow":["GET"]}}],"collection":[{"href":"https:\/\/childliberation.org\/es\/wp-json\/wp\/v2\/pages"}],"about":[{"href":"https:\/\/childliberation.org\/es\/wp-json\/wp\/v2\/types\/page"}],"author":[{"embeddable":true,"href":"https:\/\/childliberation.org\/es\/wp-json\/wp\/v2\/users\/4"}],"replies":[{"embeddable":true,"href":"https:\/\/childliberation.org\/es\/wp-json\/wp\/v2\/comments?post=20883"}],"version-history":[{"count":10,"href":"https:\/\/childliberation.org\/es\/wp-json\/wp\/v2\/pages\/20883\/revisions"}],"predecessor-version":[{"id":20947,"href":"https:\/\/childliberation.org\/es\/wp-json\/wp\/v2\/pages\/20883\/revisions\/20947"}],"wp:attachment":[{"href":"https:\/\/childliberation.org\/es\/wp-json\/wp\/v2\/media?parent=20883"}],"curies":[{"name":"wp","href":"https:\/\/api.w.org\/{rel}","templated":true}]}}