{"id":21065,"date":"2025-02-16T23:20:33","date_gmt":"2025-02-17T04:20:33","guid":{"rendered":"https:\/\/childliberation.org\/?page_id=21065"},"modified":"2025-03-25T22:17:48","modified_gmt":"2025-03-26T03:17:48","slug":"become-a-liberator","status":"publish","type":"page","link":"https:\/\/childliberation.org\/es\/become-a-liberator\/","title":{"rendered":"Convi\u00e9rtete en un Liberador"},"content":{"rendered":"\t\t<div data-elementor-type=\"wp-page\" data-elementor-id=\"21065\" class=\"elementor elementor-21065\" data-elementor-post-type=\"page\">\n\t\t\t\t<div class=\"elementor-element elementor-element-99b6a00 e-con-full e-flex e-con e-parent\" data-id=\"99b6a00\" data-element_type=\"container\" data-e-type=\"container\" data-settings=\"{&quot;background_background&quot;:&quot;classic&quot;}\">\n\t\t\t\t<div class=\"elementor-element elementor-element-487aae4 elementor-widget elementor-widget-text-editor\" data-id=\"487aae4\" data-element_type=\"widget\" data-e-type=\"widget\" data-widget_type=\"text-editor.default\">\n\t\t\t\t<div class=\"elementor-widget-container\">\n\t\t\t\t\t\t\t\t\t<p style=\"text-align: center;\">Become a <span style=\"color: #ff6600;\">Liberator<\/span><\/p>\t\t\t\t\t\t\t\t<\/div>\n\t\t\t\t<\/div>\n\t\t\t\t<\/div>\n\t\t<div class=\"elementor-element elementor-element-aea1b7e e-flex e-con-boxed e-con e-parent\" data-id=\"aea1b7e\" data-element_type=\"container\" data-e-type=\"container\">\n\t\t\t\t\t<div class=\"e-con-inner\">\n\t\t<div class=\"elementor-element elementor-element-b8a1fcc e-con-full e-flex e-con e-child\" data-id=\"b8a1fcc\" data-element_type=\"container\" data-e-type=\"container\">\n\t\t\t\t<div class=\"elementor-element elementor-element-82b38f5 elementor-widget elementor-widget-text-editor\" data-id=\"82b38f5\" data-element_type=\"widget\" data-e-type=\"widget\" data-widget_type=\"text-editor.default\">\n\t\t\t\t<div class=\"elementor-widget-container\">\n\t\t\t\t\t\t\t\t\t<p data-start=\"111\" data-end=\"147\">Child trafficking is one of the greatest injustices of our time\u2014but together, we can make a difference. By becoming a monthly donor, you\u2019re not just giving; you\u2019re taking a stand. Your ongoing support helps rescue, rehabilitate, and protect children from the horrors of trafficking, providing them with safety, healing, and hope for a better future. Every dollar fuels the mission. Every commitment strengthens the fight.\u00a0<\/p>\t\t\t\t\t\t\t\t<\/div>\n\t\t\t\t<\/div>\n\t\t<div class=\"elementor-element elementor-element-af708b7 e-con-full elementor-hidden-tablet elementor-hidden-mobile e-flex e-con e-child\" data-id=\"af708b7\" data-element_type=\"container\" data-e-type=\"container\">\n\t\t\t\t<div class=\"elementor-element elementor-element-70daa48 elementor-widget elementor-widget-image\" data-id=\"70daa48\" data-element_type=\"widget\" data-e-type=\"widget\" data-widget_type=\"image.default\">\n\t\t\t\t<div class=\"elementor-widget-container\">\n\t\t\t\t\t\t\t\t\t\t\t\t\t\t\t<img fetchpriority=\"high\" decoding=\"async\" width=\"768\" height=\"1024\" src=\"https:\/\/childliberation.org\/wp-content\/uploads\/2025\/03\/WhatsApp-Image-2024-12-15-at-23.39.46_78921cff-768x1024.jpg\" class=\"attachment-large size-large wp-image-21280\" alt=\"\" srcset=\"https:\/\/childliberation.org\/wp-content\/uploads\/2025\/03\/WhatsApp-Image-2024-12-15-at-23.39.46_78921cff-768x1024.jpg 768w, https:\/\/childliberation.org\/wp-content\/uploads\/2025\/03\/WhatsApp-Image-2024-12-15-at-23.39.46_78921cff-225x300.jpg 225w, https:\/\/childliberation.org\/wp-content\/uploads\/2025\/03\/WhatsApp-Image-2024-12-15-at-23.39.46_78921cff-9x12.jpg 9w, https:\/\/childliberation.org\/wp-content\/uploads\/2025\/03\/WhatsApp-Image-2024-12-15-at-23.39.46_78921cff-600x800.jpg 600w, https:\/\/childliberation.org\/wp-content\/uploads\/2025\/03\/WhatsApp-Image-2024-12-15-at-23.39.46_78921cff.jpg 960w\" sizes=\"(max-width: 768px) 100vw, 768px\" \/>\t\t\t\t\t\t\t\t\t\t\t\t\t\t\t<\/div>\n\t\t\t\t<\/div>\n\t\t\t\t<div class=\"elementor-element elementor-element-e1e38e8 elementor-widget elementor-widget-text-editor\" data-id=\"e1e38e8\" data-element_type=\"widget\" data-e-type=\"widget\" data-widget_type=\"text-editor.default\">\n\t\t\t\t<div class=\"elementor-widget-container\">\n\t\t\t\t\t\t\t\t\t<p style=\"text-align: center;\"><strong data-start=\"571\" data-end=\"598\">Will you <span style=\"color: #ff6600;\">stand<\/span> with us?<\/strong><\/p>\t\t\t\t\t\t\t\t<\/div>\n\t\t\t\t<\/div>\n\t\t\t\t<div class=\"elementor-element elementor-element-4907ac6 elementor-widget elementor-widget-image\" data-id=\"4907ac6\" data-element_type=\"widget\" data-e-type=\"widget\" data-widget_type=\"image.default\">\n\t\t\t\t<div class=\"elementor-widget-container\">\n\t\t\t\t\t\t\t\t\t\t\t\t\t\t\t<img decoding=\"async\" width=\"576\" height=\"1024\" src=\"https:\/\/childliberation.org\/wp-content\/uploads\/2025\/03\/DSC01400-copia-1-1-576x1024.jpg\" class=\"attachment-large size-large wp-image-21282\" alt=\"\" srcset=\"https:\/\/childliberation.org\/wp-content\/uploads\/2025\/03\/DSC01400-copia-1-1-576x1024.jpg 576w, https:\/\/childliberation.org\/wp-content\/uploads\/2025\/03\/DSC01400-copia-1-1-169x300.jpg 169w, https:\/\/childliberation.org\/wp-content\/uploads\/2025\/03\/DSC01400-copia-1-1-768x1364.jpg 768w, https:\/\/childliberation.org\/wp-content\/uploads\/2025\/03\/DSC01400-copia-1-1-865x1536.jpg 865w, https:\/\/childliberation.org\/wp-content\/uploads\/2025\/03\/DSC01400-copia-1-1-7x12.jpg 7w, https:\/\/childliberation.org\/wp-content\/uploads\/2025\/03\/DSC01400-copia-1-1-600x1066.jpg 600w, https:\/\/childliberation.org\/wp-content\/uploads\/2025\/03\/DSC01400-copia-1-1.jpg 1006w\" sizes=\"(max-width: 576px) 100vw, 576px\" \/>\t\t\t\t\t\t\t\t\t\t\t\t\t\t\t<\/div>\n\t\t\t\t<\/div>\n\t\t\t\t<div class=\"elementor-element elementor-element-ee68d48 elementor-widget elementor-widget-text-editor\" data-id=\"ee68d48\" data-element_type=\"widget\" data-e-type=\"widget\" data-widget_type=\"text-editor.default\">\n\t\t\t\t<div class=\"elementor-widget-container\">\n\t\t\t\t\t\t\t\t\t<p style=\"text-align: center;\"><strong data-start=\"111\" data-end=\"145\">Join the <span style=\"color: #ff6600;\">Fight,<\/span> Change a Life<\/strong><\/p>\t\t\t\t\t\t\t\t<\/div>\n\t\t\t\t<\/div>\n\t\t\t\t<div class=\"elementor-element elementor-element-b147c35 elementor-widget elementor-widget-image\" data-id=\"b147c35\" data-element_type=\"widget\" data-e-type=\"widget\" data-widget_type=\"image.default\">\n\t\t\t\t<div class=\"elementor-widget-container\">\n\t\t\t\t\t\t\t\t\t\t\t\t\t\t\t<img decoding=\"async\" width=\"768\" height=\"1024\" src=\"https:\/\/childliberation.org\/wp-content\/uploads\/2025\/03\/IMG_2613-1-768x1024.jpg\" class=\"attachment-large size-large wp-image-21283\" alt=\"\" srcset=\"https:\/\/childliberation.org\/wp-content\/uploads\/2025\/03\/IMG_2613-1-768x1024.jpg 768w, https:\/\/childliberation.org\/wp-content\/uploads\/2025\/03\/IMG_2613-1-225x300.jpg 225w, https:\/\/childliberation.org\/wp-content\/uploads\/2025\/03\/IMG_2613-1-1152x1536.jpg 1152w, https:\/\/childliberation.org\/wp-content\/uploads\/2025\/03\/IMG_2613-1-9x12.jpg 9w, https:\/\/childliberation.org\/wp-content\/uploads\/2025\/03\/IMG_2613-1-600x800.jpg 600w, https:\/\/childliberation.org\/wp-content\/uploads\/2025\/03\/IMG_2613-1.jpg 1440w\" sizes=\"(max-width: 768px) 100vw, 768px\" \/>\t\t\t\t\t\t\t\t\t\t\t\t\t\t\t<\/div>\n\t\t\t\t<\/div>\n\t\t\t\t<\/div>\n\t\t\t\t<\/div>\n\t\t<div class=\"elementor-element elementor-element-3108e84 e-con-full e-flex e-con e-child\" data-id=\"3108e84\" data-element_type=\"container\" data-e-type=\"container\">\n\t\t\t\t<div class=\"elementor-element elementor-element-ea9a8e0 elementor-widget__width-inherit elementor-widget elementor-widget-html\" data-id=\"ea9a8e0\" data-element_type=\"widget\" data-e-type=\"widget\" data-widget_type=\"html.default\">\n\t\t\t\t<div class=\"elementor-widget-container\">\n\t\t\t\t\t<div class=\"qgiv-embed-container\" data-qgiv-embed=\"true\" data-embed-id=\"78167\" data-embed=\"https:\/\/secure.qgiv.com\/for\/becomealiberator\/embed\/78167\/\" data-width=\"630\"><\/div>\r\n<script>(function(w, d, s, id){var js, fjs = d.getElementsByTagName(s)[0];if (d.getElementById(id)) return;js = d.createElement(s); js.id = id;js.src = \"https:\/\/secure.qgiv.com\/resources\/core\/js\/embed.js\";fjs.parentNode.insertBefore(js, fjs);})(window, document, 'script', 'qgiv-embedjs');<\/script>\t\t\t\t<\/div>\n\t\t\t\t<\/div>\n\t\t\t\t<\/div>\n\t\t<div class=\"elementor-element elementor-element-ab7fee4 e-con-full e-flex e-con e-child\" data-id=\"ab7fee4\" data-element_type=\"container\" data-e-type=\"container\">\n\t\t\t\t<div class=\"elementor-element elementor-element-8540bd5 elementor-widget elementor-widget-text-editor\" data-id=\"8540bd5\" data-element_type=\"widget\" data-e-type=\"widget\" data-widget_type=\"text-editor.default\">\n\t\t\t\t<div class=\"elementor-widget-container\">\n\t\t\t\t\t\t\t\t\t<p style=\"text-align: center;\">Become a<\/p><p style=\"text-align: center;\"><span style=\"color: #ff6600;\">Liberator<\/span><\/p>\t\t\t\t\t\t\t\t<\/div>\n\t\t\t\t<\/div>\n\t\t\t\t<\/div>\n\t\t\t\t\t<\/div>\n\t\t\t\t<\/div>\n\t\t\t\t<\/div>\n\t\t","protected":false},"excerpt":{"rendered":"<p>Become a Liberator Child trafficking is one of the greatest injustices of our time\u2014but together, we can make a difference. By becoming a monthly donor, you\u2019re not just giving; you\u2019re taking a stand. Your ongoing support helps rescue, rehabilitate, and protect children from the horrors of trafficking, providing them with safety, healing, and hope for [&hellip;]<\/p>\n","protected":false},"author":4,"featured_media":20490,"parent":0,"menu_order":0,"comment_status":"closed","ping_status":"closed","template":"","meta":{"give_campaign_id":0,"footnotes":""},"class_list":["post-21065","page","type-page","status-publish","has-post-thumbnail","hentry"],"yoast_head":"<!-- This site is optimized with the Yoast SEO Premium plugin v24.0 (Yoast SEO v24.0) - https:\/\/yoast.com\/wordpress\/plugins\/seo\/ -->\n<title>Become a Liberator | Child Liberation Foundation<\/title>\n<meta name=\"robots\" content=\"index, follow, max-snippet:-1, max-image-preview:large, max-video-preview:-1\" \/>\n<link rel=\"canonical\" href=\"https:\/\/childliberation.org\/es\/become-a-liberator\/\" \/>\n<meta property=\"og:locale\" content=\"es_ES\" \/>\n<meta property=\"og:type\" content=\"article\" \/>\n<meta property=\"og:title\" content=\"Child Liberation Foundation\" \/>\n<meta property=\"og:description\" content=\"The Child Liberation Foundation was founded in February 2017 with a passion and commitment to end child trafficking around the world. In 2023 we have expanded our efforts to not only doing child rescue missions but also in focusing on the rehabilitation and healing of childhood sexual trauma by providing tools, modalities, awareness and education.\" \/>\n<meta property=\"og:url\" content=\"https:\/\/childliberation.org\/es\/become-a-liberator\/\" \/>\n<meta property=\"og:site_name\" content=\"Child Liberation Foundation\" \/>\n<meta property=\"article:publisher\" content=\"https:\/\/www.facebook.com\/LiberateAChild?mibextid=LQQJ4d\" \/>\n<meta property=\"article:modified_time\" content=\"2025-03-26T03:17:48+00:00\" \/>\n<meta property=\"og:image\" content=\"https:\/\/childliberation.org\/wp-content\/uploads\/2024\/12\/High-Res-for-Yoast.webp\" \/>\n\t<meta property=\"og:image:width\" content=\"2400\" \/>\n\t<meta property=\"og:image:height\" content=\"1351\" \/>\n\t<meta property=\"og:image:type\" content=\"image\/webp\" \/>\n<meta name=\"twitter:card\" content=\"summary_large_image\" \/>\n<meta name=\"twitter:site\" content=\"@CLF_Org\" \/>\n<meta name=\"twitter:label1\" content=\"Tiempo de lectura\" \/>\n\t<meta name=\"twitter:data1\" content=\"1 minuto\" \/>\n<script type=\"application\/ld+json\" class=\"yoast-schema-graph\">{\"@context\":\"https:\/\/schema.org\",\"@graph\":[{\"@type\":\"WebPage\",\"@id\":\"https:\/\/childliberation.org\/become-a-liberator\/\",\"url\":\"https:\/\/childliberation.org\/become-a-liberator\/\",\"name\":\"Become a Liberator | Child Liberation Foundation\",\"isPartOf\":{\"@id\":\"https:\/\/childliberation.org\/#website\"},\"primaryImageOfPage\":{\"@id\":\"https:\/\/childliberation.org\/become-a-liberator\/#primaryimage\"},\"image\":{\"@id\":\"https:\/\/childliberation.org\/become-a-liberator\/#primaryimage\"},\"thumbnailUrl\":\"https:\/\/childliberation.org\/wp-content\/uploads\/2024\/12\/High-Res-for-Yoast.webp\",\"datePublished\":\"2025-02-17T04:20:33+00:00\",\"dateModified\":\"2025-03-26T03:17:48+00:00\",\"breadcrumb\":{\"@id\":\"https:\/\/childliberation.org\/become-a-liberator\/#breadcrumb\"},\"inLanguage\":\"es-CO\",\"potentialAction\":[{\"@type\":\"ReadAction\",\"target\":[\"https:\/\/childliberation.org\/become-a-liberator\/\"]}]},{\"@type\":\"ImageObject\",\"inLanguage\":\"es-CO\",\"@id\":\"https:\/\/childliberation.org\/become-a-liberator\/#primaryimage\",\"url\":\"https:\/\/childliberation.org\/wp-content\/uploads\/2024\/12\/High-Res-for-Yoast.webp\",\"contentUrl\":\"https:\/\/childliberation.org\/wp-content\/uploads\/2024\/12\/High-Res-for-Yoast.webp\",\"width\":2400,\"height\":1351},{\"@type\":\"BreadcrumbList\",\"@id\":\"https:\/\/childliberation.org\/become-a-liberator\/#breadcrumb\",\"itemListElement\":[{\"@type\":\"ListItem\",\"position\":1,\"name\":\"Home\",\"item\":\"https:\/\/childliberation.org\/\"},{\"@type\":\"ListItem\",\"position\":2,\"name\":\"Become a Liberator\"}]},{\"@type\":\"WebSite\",\"@id\":\"https:\/\/childliberation.org\/#website\",\"url\":\"https:\/\/childliberation.org\/\",\"name\":\"Childliberation.org\",\"description\":\"Liberating the world one child at a time\",\"publisher\":{\"@id\":\"https:\/\/childliberation.org\/#organization\"},\"alternateName\":\"CLF\",\"potentialAction\":[{\"@type\":\"SearchAction\",\"target\":{\"@type\":\"EntryPoint\",\"urlTemplate\":\"https:\/\/childliberation.org\/?s={search_term_string}\"},\"query-input\":{\"@type\":\"PropertyValueSpecification\",\"valueRequired\":true,\"valueName\":\"search_term_string\"}}],\"inLanguage\":\"es-CO\"},{\"@type\":\"Organization\",\"@id\":\"https:\/\/childliberation.org\/#organization\",\"name\":\"Child Liberation Foundation\",\"alternateName\":\"CLF\",\"url\":\"https:\/\/childliberation.org\/\",\"logo\":{\"@type\":\"ImageObject\",\"inLanguage\":\"es-CO\",\"@id\":\"https:\/\/childliberation.org\/#\/schema\/logo\/image\/\",\"url\":\"https:\/\/childliberation.org\/wp-content\/uploads\/2024\/12\/CLF-Logo-square.webp\",\"contentUrl\":\"https:\/\/childliberation.org\/wp-content\/uploads\/2024\/12\/CLF-Logo-square.webp\",\"width\":1081,\"height\":1081,\"caption\":\"Child Liberation Foundation\"},\"image\":{\"@id\":\"https:\/\/childliberation.org\/#\/schema\/logo\/image\/\"},\"sameAs\":[\"https:\/\/www.facebook.com\/LiberateAChild?mibextid=LQQJ4d\",\"https:\/\/x.com\/CLF_Org\",\"https:\/\/www.youtube.com\/@childliberationfoundation\",\"https:\/\/www.instagram.com\/childliberationfoundation\/\",\"https:\/\/www.tiktok.com\/@childliberationorg\"],\"description\":\"The Child Liberation Foundation was founded in February 2017 with a passion and commitment to end child trafficking around the world. In 2023 we have expanded our efforts to not only doing child rescue missions but also in focusing on the rehabilitation and healing of childhood sexual trauma by providing tools, modalities, awareness and education.\",\"email\":\"contact@childliberation.org\",\"legalName\":\"Child Liberation Foundation\",\"foundingDate\":\"2017-02-14\",\"numberOfEmployees\":{\"@type\":\"QuantitativeValue\",\"minValue\":\"11\",\"maxValue\":\"50\"}}]}<\/script>\n<!-- \/ Yoast SEO Premium plugin. -->","yoast_head_json":{"title":"Become a Liberator | Child Liberation Foundation","robots":{"index":"index","follow":"follow","max-snippet":"max-snippet:-1","max-image-preview":"max-image-preview:large","max-video-preview":"max-video-preview:-1"},"canonical":"https:\/\/childliberation.org\/es\/become-a-liberator\/","og_locale":"es_ES","og_type":"article","og_title":"Child Liberation Foundation","og_description":"The Child Liberation Foundation was founded in February 2017 with a passion and commitment to end child trafficking around the world. In 2023 we have expanded our efforts to not only doing child rescue missions but also in focusing on the rehabilitation and healing of childhood sexual trauma by providing tools, modalities, awareness and education.","og_url":"https:\/\/childliberation.org\/es\/become-a-liberator\/","og_site_name":"Child Liberation Foundation","article_publisher":"https:\/\/www.facebook.com\/LiberateAChild?mibextid=LQQJ4d","article_modified_time":"2025-03-26T03:17:48+00:00","og_image":[{"width":2400,"height":1351,"url":"https:\/\/childliberation.org\/wp-content\/uploads\/2024\/12\/High-Res-for-Yoast.webp","type":"image\/webp"}],"twitter_card":"summary_large_image","twitter_site":"@CLF_Org","twitter_misc":{"Tiempo de lectura":"1 minuto"},"schema":{"@context":"https:\/\/schema.org","@graph":[{"@type":"WebPage","@id":"https:\/\/childliberation.org\/become-a-liberator\/","url":"https:\/\/childliberation.org\/become-a-liberator\/","name":"Become a Liberator | Child Liberation Foundation","isPartOf":{"@id":"https:\/\/childliberation.org\/#website"},"primaryImageOfPage":{"@id":"https:\/\/childliberation.org\/become-a-liberator\/#primaryimage"},"image":{"@id":"https:\/\/childliberation.org\/become-a-liberator\/#primaryimage"},"thumbnailUrl":"https:\/\/childliberation.org\/wp-content\/uploads\/2024\/12\/High-Res-for-Yoast.webp","datePublished":"2025-02-17T04:20:33+00:00","dateModified":"2025-03-26T03:17:48+00:00","breadcrumb":{"@id":"https:\/\/childliberation.org\/become-a-liberator\/#breadcrumb"},"inLanguage":"es-CO","potentialAction":[{"@type":"ReadAction","target":["https:\/\/childliberation.org\/become-a-liberator\/"]}]},{"@type":"ImageObject","inLanguage":"es-CO","@id":"https:\/\/childliberation.org\/become-a-liberator\/#primaryimage","url":"https:\/\/childliberation.org\/wp-content\/uploads\/2024\/12\/High-Res-for-Yoast.webp","contentUrl":"https:\/\/childliberation.org\/wp-content\/uploads\/2024\/12\/High-Res-for-Yoast.webp","width":2400,"height":1351},{"@type":"BreadcrumbList","@id":"https:\/\/childliberation.org\/become-a-liberator\/#breadcrumb","itemListElement":[{"@type":"ListItem","position":1,"name":"Home","item":"https:\/\/childliberation.org\/"},{"@type":"ListItem","position":2,"name":"Become a Liberator"}]},{"@type":"WebSite","@id":"https:\/\/childliberation.org\/#website","url":"https:\/\/childliberation.org\/","name":"Childliberation.org","description":"Liberando al mundo un ni\u00f1o a la vez","publisher":{"@id":"https:\/\/childliberation.org\/#organization"},"alternateName":"CLF","potentialAction":[{"@type":"SearchAction","target":{"@type":"EntryPoint","urlTemplate":"https:\/\/childliberation.org\/?s={search_term_string}"},"query-input":{"@type":"PropertyValueSpecification","valueRequired":true,"valueName":"search_term_string"}}],"inLanguage":"es-CO"},{"@type":"Organization","@id":"https:\/\/childliberation.org\/#organization","name":"Fundaci\u00f3n Child Liberation","alternateName":"CLF","url":"https:\/\/childliberation.org\/","logo":{"@type":"ImageObject","inLanguage":"es-CO","@id":"https:\/\/childliberation.org\/#\/schema\/logo\/image\/","url":"https:\/\/childliberation.org\/wp-content\/uploads\/2024\/12\/CLF-Logo-square.webp","contentUrl":"https:\/\/childliberation.org\/wp-content\/uploads\/2024\/12\/CLF-Logo-square.webp","width":1081,"height":1081,"caption":"Child Liberation Foundation"},"image":{"@id":"https:\/\/childliberation.org\/#\/schema\/logo\/image\/"},"sameAs":["https:\/\/www.facebook.com\/LiberateAChild?mibextid=LQQJ4d","https:\/\/x.com\/CLF_Org","https:\/\/www.youtube.com\/@childliberationfoundation","https:\/\/www.instagram.com\/childliberationfoundation\/","https:\/\/www.tiktok.com\/@childliberationorg"],"description":"La Child Liberation Foundation se fund\u00f3 en febrero de 2017 con la pasi\u00f3n y el compromiso de poner fin a la trata de ni\u00f1os en todo el mundo. En 2023, hemos ampliado nuestros esfuerzos no solo para realizar misiones de rescate infantil, sino tambi\u00e9n para centrarnos en la rehabilitaci\u00f3n y curaci\u00f3n del trauma sexual infantil proporcionando herramientas, modalidades, concientizaci\u00f3n y educaci\u00f3n.","email":"contact@childliberation.org","legalName":"Child Liberation Foundation","foundingDate":"2017-02-14","numberOfEmployees":{"@type":"QuantitativeValue","minValue":"11","maxValue":"50"}}]}},"campaignId":"","jetpack_sharing_enabled":true,"_links":{"self":[{"href":"https:\/\/childliberation.org\/es\/wp-json\/wp\/v2\/pages\/21065","targetHints":{"allow":["GET"]}}],"collection":[{"href":"https:\/\/childliberation.org\/es\/wp-json\/wp\/v2\/pages"}],"about":[{"href":"https:\/\/childliberation.org\/es\/wp-json\/wp\/v2\/types\/page"}],"author":[{"embeddable":true,"href":"https:\/\/childliberation.org\/es\/wp-json\/wp\/v2\/users\/4"}],"replies":[{"embeddable":true,"href":"https:\/\/childliberation.org\/es\/wp-json\/wp\/v2\/comments?post=21065"}],"version-history":[{"count":77,"href":"https:\/\/childliberation.org\/es\/wp-json\/wp\/v2\/pages\/21065\/revisions"}],"predecessor-version":[{"id":21547,"href":"https:\/\/childliberation.org\/es\/wp-json\/wp\/v2\/pages\/21065\/revisions\/21547"}],"wp:featuredmedia":[{"embeddable":true,"href":"https:\/\/childliberation.org\/es\/wp-json\/wp\/v2\/media\/20490"}],"wp:attachment":[{"href":"https:\/\/childliberation.org\/es\/wp-json\/wp\/v2\/media?parent=21065"}],"curies":[{"name":"wp","href":"https:\/\/api.w.org\/{rel}","templated":true}]}}