{"id":22179,"date":"2026-02-11T10:27:04","date_gmt":"2026-02-11T15:27:04","guid":{"rendered":"https:\/\/childliberation.org\/lets-keep-in-touch-2\/"},"modified":"2026-02-11T10:27:04","modified_gmt":"2026-02-11T15:27:04","slug":"lets-keep-in-touch-2","status":"publish","type":"page","link":"https:\/\/childliberation.org\/es\/lets-keep-in-touch-2\/","title":{"rendered":"Let&#8217;s Keep In Touch"},"content":{"rendered":"<p>Hi [fka_subscriber_name] <\/p>\n<p>Help us to improve your experience with us through better communication. Please adjust your preferences for email [fka_subscriber_recipient]. <\/p>\n<p>[fka_unsubscribe_button label=&#8221;Update my preference&#8221;].<\/p>\n","protected":false},"excerpt":{"rendered":"<p>Hi [fka_subscriber_name] Help us to improve your experience with us through better communication. Please adjust your preferences for email [fka_subscriber_recipient]. [fka_unsubscribe_button label=&#8221;Update my preference&#8221;].<\/p>\n","protected":false},"author":3,"featured_media":0,"parent":0,"menu_order":0,"comment_status":"closed","ping_status":"closed","template":"","meta":{"give_campaign_id":0,"footnotes":""},"class_list":["post-22179","page","type-page","status-publish","hentry"],"yoast_head":"<!-- This site is optimized with the Yoast SEO Premium plugin v24.0 (Yoast SEO v24.0) - https:\/\/yoast.com\/wordpress\/plugins\/seo\/ -->\n<title>Let&#039;s Keep In Touch | Child Liberation Foundation<\/title>\n<meta name=\"robots\" content=\"index, follow, max-snippet:-1, max-image-preview:large, max-video-preview:-1\" \/>\n<link rel=\"canonical\" href=\"https:\/\/childliberation.org\/es\/lets-keep-in-touch-2\/\" \/>\n<meta property=\"og:locale\" content=\"es_ES\" \/>\n<meta property=\"og:type\" content=\"article\" \/>\n<meta property=\"og:title\" content=\"Child Liberation Foundation\" \/>\n<meta property=\"og:description\" content=\"The Child Liberation Foundation was founded in February 2017 with a passion and commitment to end child trafficking around the world. In 2023 we have expanded our efforts to not only doing child rescue missions but also in focusing on the rehabilitation and healing of childhood sexual trauma by providing tools, modalities, awareness and education.\" \/>\n<meta property=\"og:url\" content=\"https:\/\/childliberation.org\/es\/lets-keep-in-touch-2\/\" \/>\n<meta property=\"og:site_name\" content=\"Child Liberation Foundation\" \/>\n<meta property=\"article:publisher\" content=\"https:\/\/www.facebook.com\/LiberateAChild?mibextid=LQQJ4d\" \/>\n<meta property=\"og:image\" content=\"https:\/\/childliberation.org\/wp-content\/uploads\/2024\/12\/CLF-Logo-square.webp\" \/>\n\t<meta property=\"og:image:width\" content=\"1081\" \/>\n\t<meta property=\"og:image:height\" content=\"1081\" \/>\n\t<meta property=\"og:image:type\" content=\"image\/webp\" \/>\n<meta name=\"twitter:card\" content=\"summary_large_image\" \/>\n<meta name=\"twitter:site\" content=\"@CLF_Org\" \/>\n<script type=\"application\/ld+json\" class=\"yoast-schema-graph\">{\"@context\":\"https:\/\/schema.org\",\"@graph\":[{\"@type\":\"WebPage\",\"@id\":\"https:\/\/childliberation.org\/lets-keep-in-touch-2\/\",\"url\":\"https:\/\/childliberation.org\/lets-keep-in-touch-2\/\",\"name\":\"Let's Keep In Touch | Child Liberation Foundation\",\"isPartOf\":{\"@id\":\"https:\/\/childliberation.org\/#website\"},\"datePublished\":\"2026-02-11T15:27:04+00:00\",\"dateModified\":\"2026-02-11T15:27:04+00:00\",\"breadcrumb\":{\"@id\":\"https:\/\/childliberation.org\/lets-keep-in-touch-2\/#breadcrumb\"},\"inLanguage\":\"es-CO\",\"potentialAction\":[{\"@type\":\"ReadAction\",\"target\":[\"https:\/\/childliberation.org\/lets-keep-in-touch-2\/\"]}]},{\"@type\":\"BreadcrumbList\",\"@id\":\"https:\/\/childliberation.org\/lets-keep-in-touch-2\/#breadcrumb\",\"itemListElement\":[{\"@type\":\"ListItem\",\"position\":1,\"name\":\"Home\",\"item\":\"https:\/\/childliberation.org\/\"},{\"@type\":\"ListItem\",\"position\":2,\"name\":\"Let&#8217;s Keep In Touch\"}]},{\"@type\":\"WebSite\",\"@id\":\"https:\/\/childliberation.org\/#website\",\"url\":\"https:\/\/childliberation.org\/\",\"name\":\"Childliberation.org\",\"description\":\"Liberating the world one child at a time\",\"publisher\":{\"@id\":\"https:\/\/childliberation.org\/#organization\"},\"alternateName\":\"CLF\",\"potentialAction\":[{\"@type\":\"SearchAction\",\"target\":{\"@type\":\"EntryPoint\",\"urlTemplate\":\"https:\/\/childliberation.org\/?s={search_term_string}\"},\"query-input\":{\"@type\":\"PropertyValueSpecification\",\"valueRequired\":true,\"valueName\":\"search_term_string\"}}],\"inLanguage\":\"es-CO\"},{\"@type\":\"Organization\",\"@id\":\"https:\/\/childliberation.org\/#organization\",\"name\":\"Child Liberation Foundation\",\"alternateName\":\"CLF\",\"url\":\"https:\/\/childliberation.org\/\",\"logo\":{\"@type\":\"ImageObject\",\"inLanguage\":\"es-CO\",\"@id\":\"https:\/\/childliberation.org\/#\/schema\/logo\/image\/\",\"url\":\"https:\/\/childliberation.org\/wp-content\/uploads\/2024\/12\/CLF-Logo-square.webp\",\"contentUrl\":\"https:\/\/childliberation.org\/wp-content\/uploads\/2024\/12\/CLF-Logo-square.webp\",\"width\":1081,\"height\":1081,\"caption\":\"Child Liberation Foundation\"},\"image\":{\"@id\":\"https:\/\/childliberation.org\/#\/schema\/logo\/image\/\"},\"sameAs\":[\"https:\/\/www.facebook.com\/LiberateAChild?mibextid=LQQJ4d\",\"https:\/\/x.com\/CLF_Org\",\"https:\/\/www.youtube.com\/@childliberationfoundation\",\"https:\/\/www.instagram.com\/childliberationfoundation\/\",\"https:\/\/www.tiktok.com\/@childliberationorg\"],\"description\":\"The Child Liberation Foundation was founded in February 2017 with a passion and commitment to end child trafficking around the world. In 2023 we have expanded our efforts to not only doing child rescue missions but also in focusing on the rehabilitation and healing of childhood sexual trauma by providing tools, modalities, awareness and education.\",\"email\":\"contact@childliberation.org\",\"legalName\":\"Child Liberation Foundation\",\"foundingDate\":\"2017-02-14\",\"numberOfEmployees\":{\"@type\":\"QuantitativeValue\",\"minValue\":\"11\",\"maxValue\":\"50\"}}]}<\/script>\n<!-- \/ Yoast SEO Premium plugin. -->","yoast_head_json":{"title":"Let's Keep In Touch | Child Liberation Foundation","robots":{"index":"index","follow":"follow","max-snippet":"max-snippet:-1","max-image-preview":"max-image-preview:large","max-video-preview":"max-video-preview:-1"},"canonical":"https:\/\/childliberation.org\/es\/lets-keep-in-touch-2\/","og_locale":"es_ES","og_type":"article","og_title":"Child Liberation Foundation","og_description":"The Child Liberation Foundation was founded in February 2017 with a passion and commitment to end child trafficking around the world. In 2023 we have expanded our efforts to not only doing child rescue missions but also in focusing on the rehabilitation and healing of childhood sexual trauma by providing tools, modalities, awareness and education.","og_url":"https:\/\/childliberation.org\/es\/lets-keep-in-touch-2\/","og_site_name":"Child Liberation Foundation","article_publisher":"https:\/\/www.facebook.com\/LiberateAChild?mibextid=LQQJ4d","og_image":[{"width":1081,"height":1081,"url":"https:\/\/childliberation.org\/wp-content\/uploads\/2024\/12\/CLF-Logo-square.webp","type":"image\/webp"}],"twitter_card":"summary_large_image","twitter_site":"@CLF_Org","schema":{"@context":"https:\/\/schema.org","@graph":[{"@type":"WebPage","@id":"https:\/\/childliberation.org\/lets-keep-in-touch-2\/","url":"https:\/\/childliberation.org\/lets-keep-in-touch-2\/","name":"Let's Keep In Touch | Child Liberation Foundation","isPartOf":{"@id":"https:\/\/childliberation.org\/#website"},"datePublished":"2026-02-11T15:27:04+00:00","dateModified":"2026-02-11T15:27:04+00:00","breadcrumb":{"@id":"https:\/\/childliberation.org\/lets-keep-in-touch-2\/#breadcrumb"},"inLanguage":"es-CO","potentialAction":[{"@type":"ReadAction","target":["https:\/\/childliberation.org\/lets-keep-in-touch-2\/"]}]},{"@type":"BreadcrumbList","@id":"https:\/\/childliberation.org\/lets-keep-in-touch-2\/#breadcrumb","itemListElement":[{"@type":"ListItem","position":1,"name":"Home","item":"https:\/\/childliberation.org\/"},{"@type":"ListItem","position":2,"name":"Let&#8217;s Keep In Touch"}]},{"@type":"WebSite","@id":"https:\/\/childliberation.org\/#website","url":"https:\/\/childliberation.org\/","name":"Childliberation.org","description":"Liberando al mundo un ni\u00f1o a la vez","publisher":{"@id":"https:\/\/childliberation.org\/#organization"},"alternateName":"CLF","potentialAction":[{"@type":"SearchAction","target":{"@type":"EntryPoint","urlTemplate":"https:\/\/childliberation.org\/?s={search_term_string}"},"query-input":{"@type":"PropertyValueSpecification","valueRequired":true,"valueName":"search_term_string"}}],"inLanguage":"es-CO"},{"@type":"Organization","@id":"https:\/\/childliberation.org\/#organization","name":"Fundaci\u00f3n Child Liberation","alternateName":"CLF","url":"https:\/\/childliberation.org\/","logo":{"@type":"ImageObject","inLanguage":"es-CO","@id":"https:\/\/childliberation.org\/#\/schema\/logo\/image\/","url":"https:\/\/childliberation.org\/wp-content\/uploads\/2024\/12\/CLF-Logo-square.webp","contentUrl":"https:\/\/childliberation.org\/wp-content\/uploads\/2024\/12\/CLF-Logo-square.webp","width":1081,"height":1081,"caption":"Child Liberation Foundation"},"image":{"@id":"https:\/\/childliberation.org\/#\/schema\/logo\/image\/"},"sameAs":["https:\/\/www.facebook.com\/LiberateAChild?mibextid=LQQJ4d","https:\/\/x.com\/CLF_Org","https:\/\/www.youtube.com\/@childliberationfoundation","https:\/\/www.instagram.com\/childliberationfoundation\/","https:\/\/www.tiktok.com\/@childliberationorg"],"description":"La Child Liberation Foundation se fund\u00f3 en febrero de 2017 con la pasi\u00f3n y el compromiso de poner fin a la trata de ni\u00f1os en todo el mundo. En 2023, hemos ampliado nuestros esfuerzos no solo para realizar misiones de rescate infantil, sino tambi\u00e9n para centrarnos en la rehabilitaci\u00f3n y curaci\u00f3n del trauma sexual infantil proporcionando herramientas, modalidades, concientizaci\u00f3n y educaci\u00f3n.","email":"contact@childliberation.org","legalName":"Child Liberation Foundation","foundingDate":"2017-02-14","numberOfEmployees":{"@type":"QuantitativeValue","minValue":"11","maxValue":"50"}}]}},"campaignId":"","jetpack_sharing_enabled":true,"_links":{"self":[{"href":"https:\/\/childliberation.org\/es\/wp-json\/wp\/v2\/pages\/22179","targetHints":{"allow":["GET"]}}],"collection":[{"href":"https:\/\/childliberation.org\/es\/wp-json\/wp\/v2\/pages"}],"about":[{"href":"https:\/\/childliberation.org\/es\/wp-json\/wp\/v2\/types\/page"}],"author":[{"embeddable":true,"href":"https:\/\/childliberation.org\/es\/wp-json\/wp\/v2\/users\/3"}],"replies":[{"embeddable":true,"href":"https:\/\/childliberation.org\/es\/wp-json\/wp\/v2\/comments?post=22179"}],"version-history":[{"count":0,"href":"https:\/\/childliberation.org\/es\/wp-json\/wp\/v2\/pages\/22179\/revisions"}],"wp:attachment":[{"href":"https:\/\/childliberation.org\/es\/wp-json\/wp\/v2\/media?parent=22179"}],"curies":[{"name":"wp","href":"https:\/\/api.w.org\/{rel}","templated":true}]}}